{"id":1556,"date":"2021-06-04T15:38:04","date_gmt":"2021-06-04T13:38:04","guid":{"rendered":"https:\/\/sigisresidenceroma.it\/habitaciones-dobles-con-camas-separadas\/"},"modified":"2022-05-04T09:15:59","modified_gmt":"2022-05-04T07:15:59","slug":"habitaciones-dobles-con-camas-separadas","status":"publish","type":"page","link":"https:\/\/sigisresidenceroma.it\/es\/habitaciones-dobles-con-camas-separadas\/","title":{"rendered":"Habitaciones dobles con camas separadas"},"content":{"rendered":"<section>\r\n      <div class=\"grid panel block-datasheet\">\r\n          <div class=\"col-70 panel__text\">\r\n            <p><p><em>Cuatro habitaciones dobles con camas separadas, una en cada piso.<\/em><\/p>\n<p><em>Techo abovedado para la habitaci\u00f3n de la planta baja y techo de madera inclinado con grandes tragaluces para la planta superior, que tiene acceso directo a la terraza compartida entre los inquilinos de la tercera planta.<\/em><\/p>\n<p><em>Espaciosas, funcionales, acogedoras y perfectamente amuebladas: dos camas individuales, dos escritorios con sill\u00f3n ergon\u00f3mico para estudiar y trabajar, dos armarios y una estanter\u00eda.<\/em><\/p>\n<p><em>Todas tienen ba\u00f1o privado con sanitarios suspendidos, ducha tipo lluvia y calentador de toallas.<\/em><\/p>\n<p><em>Tambi\u00e9n hay aire acondicionado y calefacci\u00f3n regulables, wifi ilimitado h24, smart tv con canales v\u00eda sat\u00e9lite.<\/em><\/p>\n<p><em>La ropa de cama y de ba\u00f1o est\u00e1 incluida y se cambia una vez a la semana, junto con la limpieza de la habitaci\u00f3n.<\/em><\/p>\n<p>\u00bfQuieres ir a verla?<\/p>\n<p><strong><a class=\"btn btn-info-small p-10\" href=\"mailto:info@sigisresidenceroma.it\">Rel\u00e1jate y pide una cita<\/a><\/strong><\/p>\n<\/p>\r\n          <\/div>\r\n          <div class=\"col-30 tab-100 panel__services\">\r\n\r\n              <ul class=\"list-service\">\r\n                        \r\n                            <li>\r\n                                <div class=\"datasheet-img\">\r\n                                   <img decoding=\"async\" src=\"https:\/\/sigisresidenceroma.it\/wp-content\/uploads\/2021\/06\/letto-doppio-300x170.png\" alt=\"\" \/>\r\n                                <\/div>\r\n                               <p>camas individuales<\/p>\r\n                            <\/li>\r\n                            \r\n                            <li>\r\n                                <div class=\"datasheet-img\">\r\n                                   <img decoding=\"async\" src=\"https:\/\/sigisresidenceroma.it\/wp-content\/uploads\/2021\/05\/doccia.png\" alt=\"\" \/>\r\n                                <\/div>\r\n                               <p>ba\u00f1o privado<\/p>\r\n                            <\/li>\r\n                            \r\n                            <li>\r\n                                <div class=\"datasheet-img\">\r\n                                   <img decoding=\"async\" src=\"https:\/\/sigisresidenceroma.it\/wp-content\/uploads\/2021\/06\/plan-doppia-300x206.jpg\" alt=\"\" \/>\r\n                                <\/div>\r\n                               <p>Tama\u00f1o medio de la habitaci\u00f3n 14,5 mq<\/p>\r\n                            <\/li>\r\n                            \r\n\r\n              <\/ul>\r\n\r\n\r\n\r\n\r\n                                                  \r\n                                                  <div class=\"panel-button\">\r\n                                    <a class=\"btn btn-info-small\" href=\"https:\/\/sigisresidenceroma.it\/es\/faq-preguntas-frecuentes\/\">FAQ &#8211; Preguntas frecuentes<i class=\"fas fa-angle-right\"><\/i><\/a>\r\n                                  <\/div>\r\n                  \r\n            <\/div>\r\n\r\n\r\n\r\n\r\n        <\/div>\r\n    <\/section>\r\n<section>\r\n      <div class=\"grid grid--fluid\">\r\n\r\n        <div class=\"col-100 panel\">\r\n          <div class=\"img__service__left\" style=\"background: url(https:\/\/sigisresidenceroma.it\/wp-content\/themes\/sigis\/img\/immagine-servizi.png) no-repeat center center; background-size: cover;\">\r\n\r\n          <\/div>\r\n          <div class=\"img__service__right\" style=\"background: url(https:\/\/sigisresidenceroma.it\/wp-content\/themes\/sigis\/img\/immagine-dotazioni.png) no-repeat center center; background-size: cover;\">\r\n\r\n          <\/div>\r\n          <div class=\" panel__info\">\r\n\r\n            <div class=\"col-16 panel__info__title\">\r\n              <h3>Equipamiento<\/h3>\r\n                          <img decoding=\"async\" src=\"https:\/\/sigisresidenceroma.it\/wp-content\/uploads\/2021\/04\/dotazioni.png\" alt=\"\" \/>\r\n            <\/div>\r\n            <div class=\"col-33 panel__info__list\">\r\n              <ul class=\"list\">\r\n                                                            <li class=\"list-item\">armario<\/li>\r\n                                                                      <li class=\"list-item\">tarjeta<\/li>\r\n                                                                      <li class=\"list-item\">escritorio<\/li>\r\n                                                                      <li class=\"list-item\">tv inteligente<\/li>\r\n                                                                      <li class=\"list-item\">estanter\u00eda<\/li>\r\n                                                                      <li class=\"list-item\">aire acondicionado<\/li>\r\n                                                                      <li class=\"list-item\">Wifi s\u00faper r\u00e1pido<\/li>\r\n                                                                      <li class=\"list-item\">Calefacci\u00f3n independiente<\/li>\r\n                                                                      <li class=\"list-item\"><\/li>\r\n                                                                      <li class=\"list-item\"><\/li>\r\n                                                                      <li class=\"list-item\"><\/li>\r\n                                                  <\/ul>\r\n            <\/div>\r\n            <div class=\"col-16 panel__info__title\">\r\n              <h3>Servicios<\/h3>\r\n            <img decoding=\"async\" src=\"https:\/\/sigisresidenceroma.it\/wp-content\/uploads\/2021\/05\/servizi.png\" alt=\"\" \/>\r\n            <\/div>\r\n            <div class=\"col-33 panel__info__list\">\r\n              <ul class=\"list\">\r\n\r\n\r\n                                          <li class=\"list-item\">asistencia h24<\/li>\r\n                                          <li class=\"list-item\">ropa de cama y de ba\u00f1o<\/li>\r\n                                          <li class=\"list-item\">cocina compartida<\/li>\r\n                                          <li class=\"list-item\">cambio de ropa<\/li>\r\n                                          <li class=\"list-item\">convenio con garaje para autos<\/li>\r\n                                          <li class=\"list-item\">limpieza semanal<\/li>\r\n                                          <li class=\"list-item\">servicio de mantenimiento<\/li>\r\n                                          <li class=\"list-item\"><\/li>\r\n                \r\n\r\n              <\/ul>\r\n            <\/div>\r\n\r\n          <\/div>\r\n        <\/div>\r\n      <\/div>\r\n    <\/section>\r\n<section class=\"mb-50\">\r\n    <div class=\"grid grid--fluid grid--center panel\">\r\n      <div class=\"col-100 section-title \">\r\n      <h3 class=\"text-center\">Galer\u00eda<\/h3>\r\n      <\/div>\r\n        <div class=\"gallery_square_light-blue\"><\/div>\r\n\r\n        <div id=\"gallery-slick-block\" class=\"arrows-slick col-80\">\r\n          <div class=\"prev-gallery\">\r\n            <i class=\"fas fa-angle-left\"><\/i>\r\n          <\/div>\r\n          <div class=\"next-gallery\">\r\n            <i class=\"fas fa-angle-right\"><\/i>\r\n          <\/div>\r\n        <\/div>\r\n\r\n\r\n\r\n        <div class=\"col-80 panel panel__gallery gallery-slider\">\r\n        \r\n\r\n          <div class=\"container__slick\">\r\n                        \r\n\r\n                        \r\n                         <img decoding=\"async\" src=\"https:\/\/sigisresidenceroma.it\/wp-content\/uploads\/2022\/01\/sigis_via-como-camera-doppia-4-1024x576.webp\" alt=\"\" \/>\r\n\r\n                          \r\n        <\/div>\r\n          \r\n\r\n          <div class=\"container__slick\">\r\n                        \r\n\r\n                        \r\n                         <img decoding=\"async\" src=\"https:\/\/sigisresidenceroma.it\/wp-content\/uploads\/2022\/01\/sigis_via-como-camera-doppia-3-1-1024x576.webp\" alt=\"\" \/>\r\n\r\n                          \r\n        <\/div>\r\n          \r\n\r\n          <div class=\"container__slick\">\r\n                        \r\n\r\n                        \r\n                         <img decoding=\"async\" src=\"https:\/\/sigisresidenceroma.it\/wp-content\/uploads\/2022\/01\/sigis_via-como-camera-doppia-2-1-1024x576.webp\" alt=\"\" \/>\r\n\r\n                          \r\n        <\/div>\r\n          \r\n\r\n          <div class=\"container__slick\">\r\n                        \r\n\r\n                        \r\n                         <img decoding=\"async\" src=\"https:\/\/sigisresidenceroma.it\/wp-content\/uploads\/2022\/01\/sigis_via-como-camera-doppia-1-1-1-1024x576.webp\" alt=\"\" \/>\r\n\r\n                          \r\n        <\/div>\r\n          \r\n\r\n          <div class=\"container__slick\">\r\n                        \r\n\r\n                        \r\n                         <img decoding=\"async\" src=\"https:\/\/sigisresidenceroma.it\/wp-content\/uploads\/2022\/01\/sigis_via-como-camera-doppia_bagno-5-1-1024x576.webp\" alt=\"\" \/>\r\n\r\n                          \r\n        <\/div>\r\n          \r\n\r\n          <div class=\"container__slick\">\r\n                        \r\n\r\n                        \r\n                         <img decoding=\"async\" src=\"https:\/\/sigisresidenceroma.it\/wp-content\/uploads\/2022\/01\/via_como_camera_doppia_bagno_7_copia-1024x576.webp\" alt=\"\" \/>\r\n\r\n                          \r\n        <\/div>\r\n          \r\n\r\n          <div class=\"container__slick\">\r\n                        \r\n\r\n                        \r\n                         <img decoding=\"async\" src=\"https:\/\/sigisresidenceroma.it\/wp-content\/uploads\/2022\/01\/gis_via_como_camera_doppia_bagno_8_2-1024x576.webp\" alt=\"\" \/>\r\n\r\n                          \r\n        <\/div>\r\n          \r\n\r\n          <div class=\"container__slick\">\r\n                        \r\n\r\n                        \r\n                         <img decoding=\"async\" src=\"https:\/\/sigisresidenceroma.it\/wp-content\/uploads\/2022\/01\/sigis_via_como_camera_doppia_bagno_7-1024x576.webp\" alt=\"\" \/>\r\n\r\n                          \r\n        <\/div>\r\n          \r\n      <\/div>\r\n\r\n      <\/div>\r\n\r\n  <\/section>\r\n<section class=\"mb-50\">\r\n    <div class=\"grid grid--fluid grid--center panel\">\r\n      <div class=\"col-100 section-title \">\r\n      <h3 class=\"text-center\">OTRAS HABITACIONES<\/h3>\r\n      <\/div>\r\n      <div class=\"other-rooms-square-left\"><\/div>\r\n      <div class=\"other-rooms-square-right\"><\/div>\r\n\r\n        <div class=\"arrows-slick col-80\">\r\n          <div class=\"prev\">\r\n            <i class=\"fas fa-angle-left\"><\/i>\r\n          <\/div>\r\n          <div class=\"next\">\r\n            <i class=\"fas fa-angle-right\"><\/i>\r\n          <\/div>\r\n        <\/div>\r\n\r\n\r\n\r\n      <div class=\"gallery-center-mode col-80\">\r\n        \r\n            <a href=\"https:\/\/sigisresidenceroma.it\/es\/habitaciones-dobles\/\">\r\n            <div>\r\n               <img decoding=\"async\" src=\"https:\/\/sigisresidenceroma.it\/wp-content\/uploads\/2021\/06\/VIACOMO18_MATRIMONIALI-03.webp\" alt=\"\" \/>\r\n            <\/div>\r\n            <\/a>\r\n            \r\n            <a href=\"https:\/\/sigisresidenceroma.it\/es\/habitaciones-individuales\/\">\r\n            <div>\r\n               <img decoding=\"async\" src=\"https:\/\/sigisresidenceroma.it\/wp-content\/uploads\/2021\/06\/VIACOMO18_SINGOLA_07.webp\" alt=\"\" \/>\r\n            <\/div>\r\n            <\/a>\r\n            \r\n            <a href=\"https:\/\/sigisresidenceroma.it\/es\/habitaciones-dobles\/\">\r\n            <div>\r\n               <img decoding=\"async\" src=\"https:\/\/sigisresidenceroma.it\/wp-content\/uploads\/2021\/06\/VIACOMO18_MATRIMONIALI-01.webp\" alt=\"\" \/>\r\n            <\/div>\r\n            <\/a>\r\n            \r\n            <a href=\"https:\/\/sigisresidenceroma.it\/es\/habitaciones-individuales\/\">\r\n            <div>\r\n               <img decoding=\"async\" src=\"https:\/\/sigisresidenceroma.it\/wp-content\/uploads\/2021\/06\/VIACOMO18_SINGOLA_11.webp\" alt=\"\" \/>\r\n            <\/div>\r\n            <\/a>\r\n            \r\n            <a href=\"https:\/\/sigisresidenceroma.it\/es\/habitaciones-dobles\/\">\r\n            <div>\r\n               <img decoding=\"async\" src=\"https:\/\/sigisresidenceroma.it\/wp-content\/uploads\/2021\/06\/VIACOMO18_MATRIMONIALI-05.webp\" alt=\"\" \/>\r\n            <\/div>\r\n            <\/a>\r\n            \r\n            <a href=\"https:\/\/sigisresidenceroma.it\/es\/habitaciones-individuales\/\">\r\n            <div>\r\n               <img decoding=\"async\" src=\"https:\/\/sigisresidenceroma.it\/wp-content\/uploads\/2021\/06\/VIACOMO18_SINGOLA_04.webp\" alt=\"\" \/>\r\n            <\/div>\r\n            <\/a>\r\n            \r\n      <\/div>\r\n      <\/div>\r\n\r\n  <\/section>\r\n","protected":false},"excerpt":{"rendered":"","protected":false},"author":1,"featured_media":1448,"parent":0,"menu_order":3,"comment_status":"closed","ping_status":"closed","template":"","meta":{"_acf_changed":false,"_monsterinsights_skip_tracking":false,"_monsterinsights_sitenote_active":false,"_monsterinsights_sitenote_note":"","_monsterinsights_sitenote_category":0,"footnotes":""},"class_list":["post-1556","page","type-page","status-publish","has-post-thumbnail","hentry"],"acf":[],"_links":{"self":[{"href":"https:\/\/sigisresidenceroma.it\/es\/wp-json\/wp\/v2\/pages\/1556","targetHints":{"allow":["GET"]}}],"collection":[{"href":"https:\/\/sigisresidenceroma.it\/es\/wp-json\/wp\/v2\/pages"}],"about":[{"href":"https:\/\/sigisresidenceroma.it\/es\/wp-json\/wp\/v2\/types\/page"}],"author":[{"embeddable":true,"href":"https:\/\/sigisresidenceroma.it\/es\/wp-json\/wp\/v2\/users\/1"}],"replies":[{"embeddable":true,"href":"https:\/\/sigisresidenceroma.it\/es\/wp-json\/wp\/v2\/comments?post=1556"}],"version-history":[{"count":10,"href":"https:\/\/sigisresidenceroma.it\/es\/wp-json\/wp\/v2\/pages\/1556\/revisions"}],"predecessor-version":[{"id":1743,"href":"https:\/\/sigisresidenceroma.it\/es\/wp-json\/wp\/v2\/pages\/1556\/revisions\/1743"}],"wp:featuredmedia":[{"embeddable":true,"href":"https:\/\/sigisresidenceroma.it\/es\/wp-json\/wp\/v2\/media\/1448"}],"wp:attachment":[{"href":"https:\/\/sigisresidenceroma.it\/es\/wp-json\/wp\/v2\/media?parent=1556"}],"curies":[{"name":"wp","href":"https:\/\/api.w.org\/{rel}","templated":true}]}}