{"id":1566,"date":"2021-06-06T17:28:38","date_gmt":"2021-06-06T15:28:38","guid":{"rendered":"https:\/\/sigisresidenceroma.it\/habitaciones-individuales\/"},"modified":"2022-05-04T09:19:22","modified_gmt":"2022-05-04T07:19:22","slug":"habitaciones-individuales","status":"publish","type":"page","link":"https:\/\/sigisresidenceroma.it\/es\/habitaciones-individuales\/","title":{"rendered":"Habitaciones individuales"},"content":{"rendered":"<section>\r\n      <div class=\"grid panel block-datasheet\">\r\n          <div class=\"col-70 panel__text\">\r\n            <p><p>Ocho habitaciones individuales, de la primera a la tercera planta. Luminosas, funcionales, acogedoras y completamente amuebladas: c\u00f3moda cama individual, escritorio con sill\u00f3n ergon\u00f3mico para estudiar y trabajar, armario y estanter\u00eda. Cada habitaci\u00f3n tiene ba\u00f1o privado con sanitarios suspendidos, ducha de lluvia, calentador de toallas.<br \/>\nTambi\u00e9n hay aire acondicionado y calefacci\u00f3n regulables independientemente, wifi ilimitado h24, smart tv con canales v\u00eda sat\u00e9lite<br \/>\nLas habitaciones del tercer piso tienen techo de madera inclinada con grandes tragaluces.<br \/>\nLa ropa de cama y las s\u00e1banas est\u00e1n incluidas y se cambian una vez por semana, junto con la limpieza de la habitaci\u00f3n.<br \/>\n\u00bfQuieres visitar tu nueva casa en Roma?<br \/>\n<br \/>\n <strong><a class=\"btn btn-info-small p-10\" href=\"mailto:info@sigisresidenceroma.it\">Conecta con nosotros<\/a><\/strong> <\/p>\n<\/p>\r\n          <\/div>\r\n          <div class=\"col-30 tab-100 panel__services\">\r\n\r\n              <ul class=\"list-service\">\r\n                        \r\n                            <li>\r\n                                <div class=\"datasheet-img\">\r\n                                   <img decoding=\"async\" src=\"https:\/\/sigisresidenceroma.it\/wp-content\/uploads\/2021\/05\/letto-singolo.png\" alt=\"\" \/>\r\n                                <\/div>\r\n                               <p>cama individual<\/p>\r\n                            <\/li>\r\n                            \r\n                            <li>\r\n                                <div class=\"datasheet-img\">\r\n                                   <img decoding=\"async\" src=\"https:\/\/sigisresidenceroma.it\/wp-content\/uploads\/2021\/05\/doccia.png\" alt=\"\" \/>\r\n                                <\/div>\r\n                               <p>ba\u00f1o privado<\/p>\r\n                            <\/li>\r\n                            \r\n                            <li>\r\n                                <div class=\"datasheet-img\">\r\n                                   <img decoding=\"async\" src=\"https:\/\/sigisresidenceroma.it\/wp-content\/uploads\/2021\/06\/plan-singola-270x300.jpg\" alt=\"\" \/>\r\n                                <\/div>\r\n                               <p>Tama\u00f1o medio de la habitaci\u00f3n 9,20 mq<\/p>\r\n                            <\/li>\r\n                            \r\n\r\n              <\/ul>\r\n\r\n\r\n\r\n\r\n                                                <div class=\"\">\r\n                                  \n\t\t\t\t<div class=\"abc-singlecalendar\" data-checkin-69e000c8527ea=\"0\" data-offset-69e000c8527ea=\"0\" data-month-69e000c8527ea=\"0\" id=\"abc_singlecalendar_69e000c8527ea\">\n\t\t\t\t\t<div class=\"abc-box abc-single-row\">\n\t\t\t\t\t\t<div data-calendar=\"2\" data-id=\"69e000c8527ea\" class=\"abc-box abc-button abc-single-button-left\">\n\t\t\t\t\t\t\t<button class=\"fa fa-chevron-left abc-button-rl\"><\/button>\n\t\t\t\t\t\t<\/div>\n\t\t\t\t\t\t<div class=\"abc-box abc-month\">\n\t\t\t\t\t\t\t<img decoding=\"async\" alt=\"Cargando...\" src=\"https:\/\/sigisresidenceroma.it\/wp-admin\/images\/wpspin_light.gif\" class=\"waiting\" id=\"abc_single_loading-69e000c8527ea\" style=\"display:none\" \/><span id=\"singlecalendar-month-69e000c8527ea\">abril 2026<\/span><\/div>\n\t\t\t\t\t\t\t<div data-calendar=\"2\" data-id=\"69e000c8527ea\" class=\"abc-box abc-button abc-single-button-right\">\n\t\t\t\t\t\t\t\t<button class=\"fa fa-chevron-right abc-button-rl\"><\/button>\n\t\t\t\t\t\t<\/div>\n\t\t\t\t\t<\/div>\n\t\t\t\t\t<div class=\"abc-box abc-single-row\">\n\t\t\t\t\t<div class=\"abc-box abc-col-day abc-dayname\">Lu<\/div>\n\t\t\t\t\t<div class=\"abc-box abc-col-day abc-dayname abc-dotted\">Ma<\/div>\n\t\t\t\t\t<div class=\"abc-box abc-col-day abc-dayname abc-dotted\">Mi<\/div>\n\t\t\t\t\t<div class=\"abc-box abc-col-day abc-dayname abc-dotted\">Ju<\/div>\n\t\t\t\t\t<div class=\"abc-box abc-col-day abc-dayname abc-dotted\">Vi<\/div>\n\t\t\t\t\t<div class=\"abc-box abc-col-day abc-dayname abc-dotted\">S\u00e1<\/div>\n\t\t\t\t\t<div class=\"abc-box abc-col-day abc-dayname abc-dotted\">Do<\/div>\n\t\t\t\t\t<\/div>\n\t\t\t\t\t<div id=\"abc-calendar-days-69e000c8527ea\">\n\t\t\t\t\t\t<div class=\"abc-box abc-single-row\"><div class=\"abc-box abc-col-day \">&nbsp;<\/div><div class=\"abc-box abc-col-day abc-dotted \">&nbsp;<\/div><div title=\"\" data-calendar=\"2\" data-id=\"69e000c8527ea\" data-date=\"2026-04-01\" class=\"abc-box abc-col-day abc-dotted abc-past abc-date-item \" id=\"abc-day-69e000c8527ea2026-04-01\">1<br \/><span class=\"abc-single-price\"><\/span><\/div><div title=\"\" data-calendar=\"2\" data-id=\"69e000c8527ea\" data-date=\"2026-04-02\" class=\"abc-box abc-col-day abc-dotted abc-past abc-date-item \" id=\"abc-day-69e000c8527ea2026-04-02\">2<br \/><span class=\"abc-single-price\"><\/span><\/div><div title=\"\" data-calendar=\"2\" data-id=\"69e000c8527ea\" data-date=\"2026-04-03\" class=\"abc-box abc-col-day abc-dotted abc-past abc-date-item \" id=\"abc-day-69e000c8527ea2026-04-03\">3<br \/><span class=\"abc-single-price\"><\/span><\/div><div title=\"\" data-calendar=\"2\" data-id=\"69e000c8527ea\" data-date=\"2026-04-04\" class=\"abc-box abc-col-day abc-dotted abc-past abc-date-item \" id=\"abc-day-69e000c8527ea2026-04-04\">4<br \/><span class=\"abc-single-price\"><\/span><\/div><div title=\"\" data-calendar=\"2\" data-id=\"69e000c8527ea\" data-date=\"2026-04-05\" class=\"abc-box abc-col-day abc-dotted abc-past abc-date-item \" id=\"abc-day-69e000c8527ea2026-04-05\">5<br \/><span class=\"abc-single-price\"><\/span><\/div><\/div><div class=\"abc-box abc-single-row\"><div title=\"\" data-calendar=\"2\" data-id=\"69e000c8527ea\" data-date=\"2026-04-06\" class=\"abc-box abc-col-day abc-past abc-date-item \" id=\"abc-day-69e000c8527ea2026-04-06\">6<br \/><span class=\"abc-single-price\"><\/span><\/div><div title=\"\" data-calendar=\"2\" data-id=\"69e000c8527ea\" data-date=\"2026-04-07\" class=\"abc-box abc-col-day abc-dotted abc-past abc-date-item \" id=\"abc-day-69e000c8527ea2026-04-07\">7<br \/><span class=\"abc-single-price\"><\/span><\/div><div title=\"\" data-calendar=\"2\" data-id=\"69e000c8527ea\" data-date=\"2026-04-08\" class=\"abc-box abc-col-day abc-dotted abc-past abc-date-item \" id=\"abc-day-69e000c8527ea2026-04-08\">8<br \/><span class=\"abc-single-price\"><\/span><\/div><div title=\"\" data-calendar=\"2\" data-id=\"69e000c8527ea\" data-date=\"2026-04-09\" class=\"abc-box abc-col-day abc-dotted abc-past abc-date-item \" id=\"abc-day-69e000c8527ea2026-04-09\">9<br \/><span class=\"abc-single-price\"><\/span><\/div><div title=\"\" data-calendar=\"2\" data-id=\"69e000c8527ea\" data-date=\"2026-04-10\" class=\"abc-box abc-col-day abc-dotted abc-past abc-date-item \" id=\"abc-day-69e000c8527ea2026-04-10\">10<br \/><span class=\"abc-single-price\"><\/span><\/div><div title=\"\" data-calendar=\"2\" data-id=\"69e000c8527ea\" data-date=\"2026-04-11\" class=\"abc-box abc-col-day abc-dotted abc-past abc-date-item \" id=\"abc-day-69e000c8527ea2026-04-11\">11<br \/><span class=\"abc-single-price\"><\/span><\/div><div title=\"\" data-calendar=\"2\" data-id=\"69e000c8527ea\" data-date=\"2026-04-12\" class=\"abc-box abc-col-day abc-dotted abc-past abc-date-item \" id=\"abc-day-69e000c8527ea2026-04-12\">12<br \/><span class=\"abc-single-price\"><\/span><\/div><\/div><div class=\"abc-box abc-single-row\"><div title=\"\" data-calendar=\"2\" data-id=\"69e000c8527ea\" data-date=\"2026-04-13\" class=\"abc-box abc-col-day abc-past abc-date-item \" id=\"abc-day-69e000c8527ea2026-04-13\">13<br \/><span class=\"abc-single-price\"><\/span><\/div><div title=\"\" data-calendar=\"2\" data-id=\"69e000c8527ea\" data-date=\"2026-04-14\" class=\"abc-box abc-col-day abc-dotted abc-past abc-date-item \" id=\"abc-day-69e000c8527ea2026-04-14\">14<br \/><span class=\"abc-single-price\"><\/span><\/div><div title=\"Disponible:\n15.04.2026: 1 \u20ac\" data-calendar=\"2\" data-id=\"69e000c8527ea\" data-date=\"2026-04-15\" class=\"abc-box abc-col-day abc-dotted abc-avail abc-date-selector abc-date-item \" id=\"abc-day-69e000c8527ea2026-04-15\">15<br \/><span class=\"abc-single-price\">1 \u20ac<\/span><\/div><div title=\"Disponible:\n16.04.2026: 1 \u20ac\" data-calendar=\"2\" data-id=\"69e000c8527ea\" data-date=\"2026-04-16\" class=\"abc-box abc-col-day abc-dotted abc-avail abc-date-selector abc-date-item \" id=\"abc-day-69e000c8527ea2026-04-16\">16<br \/><span class=\"abc-single-price\">1 \u20ac<\/span><\/div><div title=\"Disponible:\n17.04.2026: 1 \u20ac\" data-calendar=\"2\" data-id=\"69e000c8527ea\" data-date=\"2026-04-17\" class=\"abc-box abc-col-day abc-dotted abc-avail abc-date-selector abc-date-item \" id=\"abc-day-69e000c8527ea2026-04-17\">17<br \/><span class=\"abc-single-price\">1 \u20ac<\/span><\/div><div title=\"Disponible:\n18.04.2026: 1 \u20ac\" data-calendar=\"2\" data-id=\"69e000c8527ea\" data-date=\"2026-04-18\" class=\"abc-box abc-col-day abc-dotted abc-avail abc-date-selector abc-date-item \" id=\"abc-day-69e000c8527ea2026-04-18\">18<br \/><span class=\"abc-single-price\">1 \u20ac<\/span><\/div><div title=\"Disponible:\n19.04.2026: 1 \u20ac\" data-calendar=\"2\" data-id=\"69e000c8527ea\" data-date=\"2026-04-19\" class=\"abc-box abc-col-day abc-dotted abc-avail abc-date-selector abc-date-item \" id=\"abc-day-69e000c8527ea2026-04-19\">19<br \/><span class=\"abc-single-price\">1 \u20ac<\/span><\/div><\/div><div class=\"abc-box abc-single-row\"><div title=\"Disponible:\n20.04.2026: 1 \u20ac\" data-calendar=\"2\" data-id=\"69e000c8527ea\" data-date=\"2026-04-20\" class=\"abc-box abc-col-day abc-avail abc-date-selector abc-date-item \" id=\"abc-day-69e000c8527ea2026-04-20\">20<br \/><span class=\"abc-single-price\">1 \u20ac<\/span><\/div><div title=\"Disponible:\n21.04.2026: 1 \u20ac\" data-calendar=\"2\" data-id=\"69e000c8527ea\" data-date=\"2026-04-21\" class=\"abc-box abc-col-day abc-dotted abc-avail abc-date-selector abc-date-item \" id=\"abc-day-69e000c8527ea2026-04-21\">21<br \/><span class=\"abc-single-price\">1 \u20ac<\/span><\/div><div title=\"Disponible:\n22.04.2026: 1 \u20ac\" data-calendar=\"2\" data-id=\"69e000c8527ea\" data-date=\"2026-04-22\" class=\"abc-box abc-col-day abc-dotted abc-avail abc-date-selector abc-date-item \" id=\"abc-day-69e000c8527ea2026-04-22\">22<br \/><span class=\"abc-single-price\">1 \u20ac<\/span><\/div><div title=\"Disponible:\n23.04.2026: 1 \u20ac\" data-calendar=\"2\" data-id=\"69e000c8527ea\" data-date=\"2026-04-23\" class=\"abc-box abc-col-day abc-dotted abc-avail abc-date-selector abc-date-item \" id=\"abc-day-69e000c8527ea2026-04-23\">23<br \/><span class=\"abc-single-price\">1 \u20ac<\/span><\/div><div title=\"Disponible:\n24.04.2026: 1 \u20ac\" data-calendar=\"2\" data-id=\"69e000c8527ea\" data-date=\"2026-04-24\" class=\"abc-box abc-col-day abc-dotted abc-avail abc-date-selector abc-date-item \" id=\"abc-day-69e000c8527ea2026-04-24\">24<br \/><span class=\"abc-single-price\">1 \u20ac<\/span><\/div><div title=\"Disponible:\n25.04.2026: 1 \u20ac\" data-calendar=\"2\" data-id=\"69e000c8527ea\" data-date=\"2026-04-25\" class=\"abc-box abc-col-day abc-dotted abc-avail abc-date-selector abc-date-item \" id=\"abc-day-69e000c8527ea2026-04-25\">25<br \/><span class=\"abc-single-price\">1 \u20ac<\/span><\/div><div title=\"Disponible:\n26.04.2026: 1 \u20ac\" data-calendar=\"2\" data-id=\"69e000c8527ea\" data-date=\"2026-04-26\" class=\"abc-box abc-col-day abc-dotted abc-avail abc-date-selector abc-date-item \" id=\"abc-day-69e000c8527ea2026-04-26\">26<br \/><span class=\"abc-single-price\">1 \u20ac<\/span><\/div><\/div><div class=\"abc-box abc-single-row\"><div title=\"Disponible:\n27.04.2026: 1 \u20ac\" data-calendar=\"2\" data-id=\"69e000c8527ea\" data-date=\"2026-04-27\" class=\"abc-box abc-col-day abc-avail abc-date-selector abc-date-item \" id=\"abc-day-69e000c8527ea2026-04-27\">27<br \/><span class=\"abc-single-price\">1 \u20ac<\/span><\/div><div title=\"Disponible:\n28.04.2026: 1 \u20ac\" data-calendar=\"2\" data-id=\"69e000c8527ea\" data-date=\"2026-04-28\" class=\"abc-box abc-col-day abc-dotted abc-avail abc-date-selector abc-date-item \" id=\"abc-day-69e000c8527ea2026-04-28\">28<br \/><span class=\"abc-single-price\">1 \u20ac<\/span><\/div><div title=\"Disponible:\n29.04.2026: 1 \u20ac\" data-calendar=\"2\" data-id=\"69e000c8527ea\" data-date=\"2026-04-29\" class=\"abc-box abc-col-day abc-dotted abc-avail abc-date-selector abc-date-item \" id=\"abc-day-69e000c8527ea2026-04-29\">29<br \/><span class=\"abc-single-price\">1 \u20ac<\/span><\/div><div title=\"Disponible:\n30.04.2026: 1 \u20ac\" data-calendar=\"2\" data-id=\"69e000c8527ea\" data-date=\"2026-04-30\" class=\"abc-box abc-col-day abc-dotted abc-avail abc-date-selector abc-date-item \" id=\"abc-day-69e000c8527ea2026-04-30\">30<br \/><span class=\"abc-single-price\">1 \u20ac<\/span><\/div><\/div>\n\t\t\t\t\t<\/div><div id=\"abc-booking-69e000c8527ea\" class=\"abc-booking-selection\">\n\t\t\t\t\t<\/div>\n\t\t\t\t<\/div>\r\n                                <\/div>\r\n                                                  <div class=\"panel-button\">\r\n                                    <a class=\"btn btn-info-small\" href=\"https:\/\/sigisresidenceroma.it\/es\/faq-preguntas-frecuentes\/\">FAQ &#8211; Preguntas frecuentes<i class=\"fas fa-angle-right\"><\/i><\/a>\r\n                                  <\/div>\r\n                  \r\n            <\/div>\r\n\r\n\r\n\r\n\r\n        <\/div>\r\n    <\/section>\r\n<section>\r\n      <div class=\"grid grid--fluid\">\r\n\r\n        <div class=\"col-100 panel\">\r\n          <div class=\"img__service__left\" style=\"background: url(https:\/\/sigisresidenceroma.it\/wp-content\/themes\/sigis\/img\/immagine-servizi.png) no-repeat center center; background-size: cover;\">\r\n\r\n          <\/div>\r\n          <div class=\"img__service__right\" style=\"background: url(https:\/\/sigisresidenceroma.it\/wp-content\/themes\/sigis\/img\/immagine-dotazioni.png) no-repeat center center; background-size: cover;\">\r\n\r\n          <\/div>\r\n          <div class=\" panel__info\">\r\n\r\n            <div class=\"col-16 panel__info__title\">\r\n              <h3>Equipamiento<\/h3>\r\n                          <img decoding=\"async\" src=\"https:\/\/sigisresidenceroma.it\/wp-content\/uploads\/2021\/04\/dotazioni.png\" alt=\"\" \/>\r\n            <\/div>\r\n            <div class=\"col-33 panel__info__list\">\r\n              <ul class=\"list\">\r\n                                                            <li class=\"list-item\">armario<\/li>\r\n                                                                      <li class=\"list-item\">tarjeta<\/li>\r\n                                                                      <li class=\"list-item\">escritorio<\/li>\r\n                                                                      <li class=\"list-item\">tv inteligente<\/li>\r\n                                                                      <li class=\"list-item\">estanter\u00eda<\/li>\r\n                                                                      <li class=\"list-item\">aire acondicionado<\/li>\r\n                                                                      <li class=\"list-item\">Wifi s\u00faper r\u00e1pido<\/li>\r\n                                                                      <li class=\"list-item\">Calefacci\u00f3n independiente<\/li>\r\n                                                                      <li class=\"list-item\"><\/li>\r\n                                                                      <li class=\"list-item\"><\/li>\r\n                                                                      <li class=\"list-item\"><\/li>\r\n                                                  <\/ul>\r\n            <\/div>\r\n            <div class=\"col-16 panel__info__title\">\r\n              <h3>Servicios<\/h3>\r\n            <img decoding=\"async\" src=\"https:\/\/sigisresidenceroma.it\/wp-content\/uploads\/2021\/05\/servizi.png\" alt=\"\" \/>\r\n            <\/div>\r\n            <div class=\"col-33 panel__info__list\">\r\n              <ul class=\"list\">\r\n\r\n\r\n                                          <li class=\"list-item\">asistencia h24<\/li>\r\n                                          <li class=\"list-item\">ropa de cama y de ba\u00f1o<\/li>\r\n                                          <li class=\"list-item\">cocina compartida<\/li>\r\n                                          <li class=\"list-item\">cambio de ropa<\/li>\r\n                                          <li class=\"list-item\">convenio con garaje para autos<\/li>\r\n                                          <li class=\"list-item\">limpieza semanal<\/li>\r\n                                          <li class=\"list-item\">servicio de mantenimiento<\/li>\r\n                                          <li class=\"list-item\"><\/li>\r\n                \r\n\r\n              <\/ul>\r\n            <\/div>\r\n\r\n          <\/div>\r\n        <\/div>\r\n      <\/div>\r\n    <\/section>\r\n<section class=\"mb-50\">\r\n    <div class=\"grid grid--fluid grid--center panel\">\r\n      <div class=\"col-100 section-title \">\r\n      <h3 class=\"text-center\">Galer\u00eda<\/h3>\r\n      <\/div>\r\n        <div class=\"gallery_square_light-blue\"><\/div>\r\n\r\n        <div id=\"gallery-slick-block\" class=\"arrows-slick col-80\">\r\n          <div class=\"prev-gallery\">\r\n            <i class=\"fas fa-angle-left\"><\/i>\r\n          <\/div>\r\n          <div class=\"next-gallery\">\r\n            <i class=\"fas fa-angle-right\"><\/i>\r\n          <\/div>\r\n        <\/div>\r\n\r\n\r\n\r\n        <div class=\"col-80 panel panel__gallery gallery-slider\">\r\n        \r\n\r\n          <div class=\"container__slick\">\r\n                        \r\n\r\n                        \r\n                         <img decoding=\"async\" src=\"https:\/\/sigisresidenceroma.it\/wp-content\/uploads\/2022\/01\/SIgis-via-como-camera-singola-07-min-1024x576.webp\" alt=\"\" \/>\r\n\r\n                          \r\n        <\/div>\r\n          \r\n\r\n          <div class=\"container__slick\">\r\n                        \r\n\r\n                        \r\n                         <img decoding=\"async\" src=\"https:\/\/sigisresidenceroma.it\/wp-content\/uploads\/2022\/01\/SIgis-via-como-camera-singola-06-min-1024x576.webp\" alt=\"\" \/>\r\n\r\n                          \r\n        <\/div>\r\n          \r\n\r\n          <div class=\"container__slick\">\r\n                        \r\n\r\n                        \r\n                         <img decoding=\"async\" src=\"https:\/\/sigisresidenceroma.it\/wp-content\/uploads\/2022\/01\/SIgis-via-como-camera-singola-05-min-1024x576.webp\" alt=\"\" \/>\r\n\r\n                          \r\n        <\/div>\r\n          \r\n\r\n          <div class=\"container__slick\">\r\n                        \r\n\r\n                        \r\n                         <img decoding=\"async\" src=\"https:\/\/sigisresidenceroma.it\/wp-content\/uploads\/2022\/01\/SIgis-via-como-camera-singola-04-min-1024x576.webp\" alt=\"\" \/>\r\n\r\n                          \r\n        <\/div>\r\n          \r\n\r\n          <div class=\"container__slick\">\r\n                        \r\n\r\n                        \r\n                         <img decoding=\"async\" src=\"https:\/\/sigisresidenceroma.it\/wp-content\/uploads\/2022\/01\/SIgis-via-como-camera-singola-03-min-1024x576.webp\" alt=\"\" \/>\r\n\r\n                          \r\n        <\/div>\r\n          \r\n\r\n          <div class=\"container__slick\">\r\n                        \r\n\r\n                        \r\n                         <img decoding=\"async\" src=\"https:\/\/sigisresidenceroma.it\/wp-content\/uploads\/2022\/01\/SIgis-via-como-camera-singola-01-min-1024x576.webp\" alt=\"\" \/>\r\n\r\n                          \r\n        <\/div>\r\n          \r\n\r\n          <div class=\"container__slick\">\r\n                        \r\n\r\n                        \r\n                         <img decoding=\"async\" src=\"https:\/\/sigisresidenceroma.it\/wp-content\/uploads\/2022\/01\/SIgis-via-como-bagno-singola-02-min-1024x576.webp\" alt=\"\" \/>\r\n\r\n                          \r\n        <\/div>\r\n          \r\n\r\n          <div class=\"container__slick\">\r\n                        \r\n\r\n                        \r\n                         <img decoding=\"async\" src=\"https:\/\/sigisresidenceroma.it\/wp-content\/uploads\/2022\/01\/SIgis-via-como-bagno-singola-09-min-1024x576.webp\" alt=\"\" \/>\r\n\r\n                          \r\n        <\/div>\r\n          \r\n\r\n          <div class=\"container__slick\">\r\n                        \r\n\r\n                        \r\n                         <img decoding=\"async\" src=\"https:\/\/sigisresidenceroma.it\/wp-content\/uploads\/2022\/01\/SIgis-via-como-bagno-singola-08-min-1024x576.webp\" alt=\"\" \/>\r\n\r\n                          \r\n        <\/div>\r\n          \r\n      <\/div>\r\n\r\n      <\/div>\r\n\r\n  <\/section>\r\n<section class=\"mb-50\">\r\n    <div class=\"grid grid--fluid grid--center panel\">\r\n      <div class=\"col-100 section-title \">\r\n      <h3 class=\"text-center\">OTRAS HABITACIONES<\/h3>\r\n      <\/div>\r\n      <div class=\"other-rooms-square-left\"><\/div>\r\n      <div class=\"other-rooms-square-right\"><\/div>\r\n\r\n        <div class=\"arrows-slick col-80\">\r\n          <div class=\"prev\">\r\n            <i class=\"fas fa-angle-left\"><\/i>\r\n          <\/div>\r\n          <div class=\"next\">\r\n            <i class=\"fas fa-angle-right\"><\/i>\r\n          <\/div>\r\n        <\/div>\r\n\r\n\r\n\r\n      <div class=\"gallery-center-mode col-80\">\r\n        \r\n            <a href=\"https:\/\/sigisresidenceroma.it\/es\/habitaciones-dobles-con-camas-separadas\/\">\r\n            <div>\r\n               <img decoding=\"async\" src=\"https:\/\/sigisresidenceroma.it\/wp-content\/uploads\/2022\/01\/sigis_via-como-camera-doppia-2-1-1024x576.webp\" alt=\"\" \/>\r\n            <\/div>\r\n            <\/a>\r\n            \r\n            <a href=\"https:\/\/sigisresidenceroma.it\/es\/habitaciones-dobles\/\">\r\n            <div>\r\n               <img decoding=\"async\" src=\"https:\/\/sigisresidenceroma.it\/wp-content\/uploads\/2021\/06\/VIACOMO18_MATRIMONIALI-06.webp\" alt=\"\" \/>\r\n            <\/div>\r\n            <\/a>\r\n            \r\n            <a href=\"https:\/\/sigisresidenceroma.it\/es\/habitaciones-dobles-con-camas-separadas\/\">\r\n            <div>\r\n               <img decoding=\"async\" src=\"https:\/\/sigisresidenceroma.it\/wp-content\/uploads\/2022\/01\/sigis_via-como-camera-doppia-3-1-1024x576.webp\" alt=\"\" \/>\r\n            <\/div>\r\n            <\/a>\r\n            \r\n            <a href=\"https:\/\/sigisresidenceroma.it\/es\/habitaciones-dobles\/\">\r\n            <div>\r\n               <img decoding=\"async\" src=\"https:\/\/sigisresidenceroma.it\/wp-content\/uploads\/2021\/06\/VIACOMO18_MATRIMONIALI-02.webp\" alt=\"\" \/>\r\n            <\/div>\r\n            <\/a>\r\n            \r\n            <a href=\"https:\/\/sigisresidenceroma.it\/es\/habitaciones-dobles-con-camas-separadas\/\">\r\n            <div>\r\n               <img decoding=\"async\" src=\"https:\/\/sigisresidenceroma.it\/wp-content\/uploads\/2022\/01\/sigis_via-como-camera-doppia-1-1-1-1024x576.webp\" alt=\"\" \/>\r\n            <\/div>\r\n            <\/a>\r\n            \r\n      <\/div>\r\n      <\/div>\r\n\r\n  <\/section>\r\n","protected":false},"excerpt":{"rendered":"","protected":false},"author":2,"featured_media":1500,"parent":0,"menu_order":3,"comment_status":"closed","ping_status":"closed","template":"","meta":{"_acf_changed":false,"_monsterinsights_skip_tracking":false,"_monsterinsights_sitenote_active":false,"_monsterinsights_sitenote_note":"","_monsterinsights_sitenote_category":0,"footnotes":""},"class_list":["post-1566","page","type-page","status-publish","has-post-thumbnail","hentry"],"acf":[],"_links":{"self":[{"href":"https:\/\/sigisresidenceroma.it\/es\/wp-json\/wp\/v2\/pages\/1566","targetHints":{"allow":["GET"]}}],"collection":[{"href":"https:\/\/sigisresidenceroma.it\/es\/wp-json\/wp\/v2\/pages"}],"about":[{"href":"https:\/\/sigisresidenceroma.it\/es\/wp-json\/wp\/v2\/types\/page"}],"author":[{"embeddable":true,"href":"https:\/\/sigisresidenceroma.it\/es\/wp-json\/wp\/v2\/users\/2"}],"replies":[{"embeddable":true,"href":"https:\/\/sigisresidenceroma.it\/es\/wp-json\/wp\/v2\/comments?post=1566"}],"version-history":[{"count":6,"href":"https:\/\/sigisresidenceroma.it\/es\/wp-json\/wp\/v2\/pages\/1566\/revisions"}],"predecessor-version":[{"id":1750,"href":"https:\/\/sigisresidenceroma.it\/es\/wp-json\/wp\/v2\/pages\/1566\/revisions\/1750"}],"wp:featuredmedia":[{"embeddable":true,"href":"https:\/\/sigisresidenceroma.it\/es\/wp-json\/wp\/v2\/media\/1500"}],"wp:attachment":[{"href":"https:\/\/sigisresidenceroma.it\/es\/wp-json\/wp\/v2\/media?parent=1566"}],"curies":[{"name":"wp","href":"https:\/\/api.w.org\/{rel}","templated":true}]}}