{"id":1570,"date":"2021-04-27T07:24:54","date_gmt":"2021-04-27T05:24:54","guid":{"rendered":"https:\/\/sigisresidenceroma.it\/areas-comunes\/"},"modified":"2022-05-02T14:49:04","modified_gmt":"2022-05-02T12:49:04","slug":"areas-comunes","status":"publish","type":"page","link":"https:\/\/sigisresidenceroma.it\/es\/areas-comunes\/","title":{"rendered":"\u00c1reas comunes"},"content":{"rendered":"<section class=\"mt-50\">\r\n    <div class=\"service__panel grid\">\r\n\r\n      \r\n\r\n      <div class=\"col-50 service__panel__col\">\r\n\r\n          <h3 class=\"section-title\">COCINA<\/h3>\r\n          <p class=\"\"><p>Una cocina compartida entre todos los compa\u00f1eros de piso, donde preparar la comida ser\u00e1 un placer diario muy divertido. Es funcional, perfectamente equipada con placa de inducci\u00f3n, horno tradicional y microondas, cafetera, hervidor de agua. Hay tambi\u00e9n platos, cubiertos, vasos, tazas. Cada inquilino tiene un refrigerador-congelador personal y un espacio reservado en la despensa, ambos accesibles con su propia tarjeta.<\/p>\n<\/p>\r\n      <\/div>\r\n      <div class=\"col-50\">\r\n        <div class=\"service__panel__square__left\"><\/div>\r\n                      <div class=\"videoplay videoplay__up\">\r\n              <a href=\"https:\/\/www.youtube.com\/watch?v=Vi4mZApf_Lk\" class=\"video-item video-open mfp-iframe\" target=\"_blank\" rel=\"noopener\">\r\n                <img decoding=\"async\" src=\"https:\/\/sigisresidenceroma.it\/wp-content\/themes\/sigis\/img\/play.png\" alt=\"\">\r\n              <\/a>\r\n          <\/div>\r\n                    <div class=\" service__panel__col\">\r\n            <img decoding=\"async\" class=\"service__panel_img\" src=\"https:\/\/sigisresidenceroma.it\/wp-content\/uploads\/2021\/06\/VIACOMO18_SALA_07.webp\" alt=\"\">\r\n\r\n\r\n          <\/div>\r\n\r\n      <\/div>\r\n\r\n          <\/div>\r\n  <\/section>\r\n\n\n<section class=\"mt-50\">\r\n    <div class=\"service__panel grid\">\r\n\r\n      \r\n      <div class=\"col-50\">\r\n        <div class=\"service__panel__square__right\"><\/div>\r\n                  <div class=\"videoplay videoplay__up\">\r\n              <a href=\"https:\/\/www.youtube.com\/watch?v=OX5AoRb4zsc\" class=\"video-item video-open mfp-iframe\" target=\"_blank\" rel=\"noopener\">\r\n                <img decoding=\"async\" src=\"https:\/\/sigisresidenceroma.it\/wp-content\/themes\/sigis\/img\/play.png\" alt=\"\">\r\n              <\/a>\r\n          <\/div>\r\n        \r\n          <div class=\" service__panel__col\">\r\n            <img decoding=\"async\" class=\"service__panel_img\" src=\"https:\/\/sigisresidenceroma.it\/wp-content\/uploads\/2021\/06\/VIACOMO18_SALA_04.webp\" alt=\"\">\r\n          <\/div>\r\n      <\/div>\r\n      <div class=\"col-50 service__panel__col\">\r\n          <h3 class=\"section-title\">SALA MULTIFUNCIONAL<\/h3>\r\n          <p class=\"\"><p>Una gran sala en la planta baja para vivir y compartir todos los d\u00edas.<br \/>\nMinimalista, funcional, c\u00f3modo, es el lugar perfecto para comer, reunirse y charlar, incluso para relajarse leyendo un libro, viendo una pel\u00edcula en la televisi\u00f3n o tomando un caf\u00e9. <\/p>\n<\/p>\r\n      <\/div>\r\n              <\/div>\r\n  <\/section>\r\n\n\n<section class=\"mt-50\">\r\n    <div class=\"service__panel grid\">\r\n\r\n      \r\n\r\n      <div class=\"col-50 service__panel__col\">\r\n\r\n          <h3 class=\"section-title\">PATIO INTERIOR\r\n\r\nY TERRAZA\u00a0D\u00c9CO<\/h3>\r\n          <p class=\"\"><p>El patio de la planta baja es como una habitaci\u00f3n al aire libre conectada por una escalera de piedra a la terraza d\u00e9co en el primer piso. Una segunda terraza est\u00e1 en el tercer piso, enclavada entre los tejados. Espacios donde estudiar, leer, charlar, relajarse. Espacios para vivir y compartir.<\/p>\n<\/p>\r\n      <\/div>\r\n      <div class=\"col-50\">\r\n        <div class=\"service__panel__square__left\"><\/div>\r\n                      <div class=\"videoplay videoplay__up\">\r\n              <a href=\"https:\/\/www.youtube.com\/watch?v=1mUZQks6zmI\" class=\"video-item video-open mfp-iframe\" target=\"_blank\" rel=\"noopener\">\r\n                <img decoding=\"async\" src=\"https:\/\/sigisresidenceroma.it\/wp-content\/themes\/sigis\/img\/play.png\" alt=\"\">\r\n              <\/a>\r\n          <\/div>\r\n                    <div class=\" service__panel__col\">\r\n            <img decoding=\"async\" class=\"service__panel_img\" src=\"https:\/\/sigisresidenceroma.it\/wp-content\/uploads\/2021\/06\/VIA-COMO18-CORTILE_TERRAZZE_11.webp\" alt=\"\">\r\n\r\n\r\n          <\/div>\r\n\r\n      <\/div>\r\n\r\n          <\/div>\r\n  <\/section>\r\n\n\n<section class=\"mb-50\">\r\n    <div class=\"grid grid--fluid grid--center panel\">\r\n      <div class=\"col-100 section-title \">\r\n      <h3 class=\"text-center\">Galer\u00eda<\/h3>\r\n      <\/div>\r\n      <div class=\"other-rooms-square-left\"><\/div>\r\n      <div class=\"other-rooms-square-right\"><\/div>\r\n\r\n        <div class=\"arrows-slick col-80\">\r\n          <div class=\"prev\">\r\n            <i class=\"fas fa-angle-left\"><\/i>\r\n          <\/div>\r\n          <div class=\"next\">\r\n            <i class=\"fas fa-angle-right\"><\/i>\r\n          <\/div>\r\n        <\/div>\r\n\r\n\r\n\r\n      <div class=\"gallery-center-mode col-80\">\r\n              \r\n          <div>\r\n             <img decoding=\"async\" src=\"https:\/\/sigisresidenceroma.it\/wp-content\/uploads\/2022\/01\/sigis_via-como-terrazza-02_7_11zon-1024x576.webp\" alt=\"\" \/>\r\n          <\/div>\r\n        \r\n       \r\n          <div>\r\n             <img decoding=\"async\" src=\"https:\/\/sigisresidenceroma.it\/wp-content\/uploads\/2022\/01\/sigis_via-como-terrazza03_8_11zon-1024x609.webp\" alt=\"\" \/>\r\n          <\/div>\r\n        \r\n       \r\n          <div>\r\n             <img decoding=\"async\" src=\"https:\/\/sigisresidenceroma.it\/wp-content\/uploads\/2022\/02\/sigis_via-como_gazebo-1024x576.jpg\" alt=\"\" \/>\r\n          <\/div>\r\n        \r\n       \r\n          <div>\r\n             <img decoding=\"async\" src=\"https:\/\/sigisresidenceroma.it\/wp-content\/uploads\/2022\/01\/sigis_via-como-cortile-13_2_11zon-1024x576.webp\" alt=\"\" \/>\r\n          <\/div>\r\n        \r\n       \r\n          <div>\r\n             <img decoding=\"async\" src=\"https:\/\/sigisresidenceroma.it\/wp-content\/uploads\/2022\/01\/sigis_via-como-cortile-12-copia_1_11zon-1024x576.webp\" alt=\"\" \/>\r\n          <\/div>\r\n        \r\n       \r\n          <div>\r\n             <img decoding=\"async\" src=\"https:\/\/sigisresidenceroma.it\/wp-content\/uploads\/2022\/01\/is_via_como_camera_doppia_terrazzo_8-1024x576.webp\" alt=\"\" \/>\r\n          <\/div>\r\n        \r\n       \r\n          <div>\r\n             <img decoding=\"async\" src=\"https:\/\/sigisresidenceroma.it\/wp-content\/uploads\/2022\/01\/AnyConv.com__sigis_via-como-camera-terrazza.-jpg-1024x576.webp\" alt=\"\" \/>\r\n          <\/div>\r\n        \r\n       \r\n          <div>\r\n             <img decoding=\"async\" src=\"https:\/\/sigisresidenceroma.it\/wp-content\/uploads\/2022\/01\/sigis_via-como-sala-pranzo-18_5_11zon-1024x576.webp\" alt=\"\" \/>\r\n          <\/div>\r\n        \r\n       \r\n          <div>\r\n             <img decoding=\"async\" src=\"https:\/\/sigisresidenceroma.it\/wp-content\/uploads\/2022\/01\/sigis_via_como_camera_sala_pranzo_19-1024x576.webp\" alt=\"\" \/>\r\n          <\/div>\r\n        \r\n       \r\n          <div>\r\n             <img decoding=\"async\" src=\"https:\/\/sigisresidenceroma.it\/wp-content\/uploads\/2022\/01\/sigis_via-como-cucina-15_4_11zon-1024x576.webp\" alt=\"\" \/>\r\n          <\/div>\r\n        \r\n       \r\n          <div>\r\n             <img decoding=\"async\" src=\"https:\/\/sigisresidenceroma.it\/wp-content\/uploads\/2022\/01\/sigis_via-como-cucina-14_3_11zon-1024x576.webp\" alt=\"\" \/>\r\n          <\/div>\r\n        \r\n               \r\n      <\/div>\r\n      <\/div>\r\n\r\n  <\/section>\r\n","protected":false},"excerpt":{"rendered":"","protected":false},"author":1,"featured_media":1464,"parent":0,"menu_order":4,"comment_status":"closed","ping_status":"closed","template":"","meta":{"_acf_changed":false,"_monsterinsights_skip_tracking":false,"_monsterinsights_sitenote_active":false,"_monsterinsights_sitenote_note":"","_monsterinsights_sitenote_category":0,"footnotes":""},"class_list":["post-1570","page","type-page","status-publish","has-post-thumbnail","hentry"],"acf":[],"_links":{"self":[{"href":"https:\/\/sigisresidenceroma.it\/es\/wp-json\/wp\/v2\/pages\/1570","targetHints":{"allow":["GET"]}}],"collection":[{"href":"https:\/\/sigisresidenceroma.it\/es\/wp-json\/wp\/v2\/pages"}],"about":[{"href":"https:\/\/sigisresidenceroma.it\/es\/wp-json\/wp\/v2\/types\/page"}],"author":[{"embeddable":true,"href":"https:\/\/sigisresidenceroma.it\/es\/wp-json\/wp\/v2\/users\/1"}],"replies":[{"embeddable":true,"href":"https:\/\/sigisresidenceroma.it\/es\/wp-json\/wp\/v2\/comments?post=1570"}],"version-history":[{"count":5,"href":"https:\/\/sigisresidenceroma.it\/es\/wp-json\/wp\/v2\/pages\/1570\/revisions"}],"predecessor-version":[{"id":1658,"href":"https:\/\/sigisresidenceroma.it\/es\/wp-json\/wp\/v2\/pages\/1570\/revisions\/1658"}],"wp:featuredmedia":[{"embeddable":true,"href":"https:\/\/sigisresidenceroma.it\/es\/wp-json\/wp\/v2\/media\/1464"}],"wp:attachment":[{"href":"https:\/\/sigisresidenceroma.it\/es\/wp-json\/wp\/v2\/media?parent=1570"}],"curies":[{"name":"wp","href":"https:\/\/api.w.org\/{rel}","templated":true}]}}