{"id":1572,"date":"2021-04-27T07:26:03","date_gmt":"2021-04-27T05:26:03","guid":{"rendered":"https:\/\/sigisresidenceroma.it\/servicios\/"},"modified":"2022-05-02T15:31:11","modified_gmt":"2022-05-02T13:31:11","slug":"servicios","status":"publish","type":"page","link":"https:\/\/sigisresidenceroma.it\/es\/servicios\/","title":{"rendered":"Servicios"},"content":{"rendered":"<section class=\"mt-50\">\r\n    <div class=\"service__panel grid\">\r\n\r\n      \r\n\r\n      <div class=\"col-50 service__panel__col\">\r\n\r\n          <h3 class=\"section-title\">TARJETA<\/h3>\r\n          <p class=\"\"><p>A tu llegada, se te entregar\u00e1 una tarjeta de identificaci\u00f3n personal con la que podr\u00e1s abrir la puerta de entrada y el cancillero, la puerta de tu habitaci\u00f3n, la nevera y la despensa y acceder a las terrazas.<br \/>\nEs un sistema pr\u00e1ctico y seguro. En caso de p\u00e9rdida, podr\u00e1s activar la copia inmediatamente despu\u00e9s de desactivar el original.<\/p>\n<\/p>\r\n      <\/div>\r\n      <div class=\"col-50\">\r\n        <div class=\"service__panel__square__left\"><\/div>\r\n                    <div class=\" service__panel__col\">\r\n            <img decoding=\"async\" class=\"service__panel_img\" src=\"https:\/\/sigisresidenceroma.it\/wp-content\/uploads\/2021\/06\/sigis-residence-badge-min.webp\" alt=\"\">\r\n\r\n\r\n          <\/div>\r\n\r\n      <\/div>\r\n\r\n          <\/div>\r\n  <\/section>\r\n\n\n<section class=\"\">\r\n    <div class=\"service__panel grid\">\r\n\r\n      \r\n      <div class=\"col-50\">\r\n        <div class=\"service__panel__square__right\"><\/div>\r\n      \r\n          <div class=\" service__panel__col\">\r\n            <img decoding=\"async\" class=\"service__panel_img\" src=\"https:\/\/sigisresidenceroma.it\/wp-content\/uploads\/2021\/05\/offerte-wifi-casa.png\" alt=\"\">\r\n          <\/div>\r\n      <\/div>\r\n      <div class=\"col-50 service__panel__col\">\r\n          <h3 class=\"section-title\">WI-FI<\/h3>\r\n          <p class=\"\"><p>Gracias al Wi-Fi r\u00e1pido e ilimitado podr\u00e1s conectarte de forma estable a la red desde todos los rincones de la casa, incluyendo el patio y las terrazas.<br \/>\nPodr\u00e1s trabajar, estudiar, hacer reuniones, jugar y ver v\u00eddeos en streaming.<\/p>\n<\/p>\r\n      <\/div>\r\n              <\/div>\r\n  <\/section>\r\n\n\n<section class=\"\">\r\n    <div class=\"service__panel grid\">\r\n\r\n      \r\n\r\n      <div class=\"col-50 service__panel__col\">\r\n\r\n          <h3 class=\"section-title\">LIMPIEZA Y ROPA DE CAMA Y DE BA\u00d1O<\/h3>\r\n          <p class=\"\"><p>Las habitaciones se limpian una vez por semana y, al mismo tiempo, se cambian las toallas y las s\u00e1banas. Los espacios comunes se limpian dos veces por semana y se desinfectan con regularidad, garantizando una profunda higienizaci\u00f3n de los puntos m\u00e1s sensibles como asas, puertas y botones.<\/p>\n<\/p>\r\n      <\/div>\r\n      <div class=\"col-50\">\r\n        <div class=\"service__panel__square__left\"><\/div>\r\n                    <div class=\" service__panel__col\">\r\n            <img decoding=\"async\" class=\"service__panel_img\" src=\"https:\/\/sigisresidenceroma.it\/wp-content\/uploads\/2021\/06\/Sigis-residence-servizi-min.webp\" alt=\"\">\r\n\r\n\r\n          <\/div>\r\n\r\n      <\/div>\r\n\r\n          <\/div>\r\n  <\/section>\r\n\n\n<section class=\"\">\r\n    <div class=\"service__panel grid\">\r\n\r\n      \r\n      <div class=\"col-50\">\r\n        <div class=\"service__panel__square__right\"><\/div>\r\n      \r\n          <div class=\" service__panel__col\">\r\n            <img decoding=\"async\" class=\"service__panel_img\" src=\"https:\/\/sigisresidenceroma.it\/wp-content\/uploads\/2021\/06\/VIACOMO18_LAVANDERIA_04.webp\" alt=\"\">\r\n          <\/div>\r\n      <\/div>\r\n      <div class=\"col-50 service__panel__col\">\r\n          <h3 class=\"section-title\">\u00c1REA DE LAVANDER\u00cdA<\/h3>\r\n          <p class=\"\"><p>En la casa hay tambi\u00e9n un rinc\u00f3n de lavander\u00eda, retr\u00e1ctil: un pr\u00e1ctico mini-espacio equipado con lavadora y secadora con monedas, cestas para la ropa y estantes de apoyo para los detergentes. El uso est\u00e1 regulado por turnos y horarios espec\u00edficos que definir\u00e1s con tus compa\u00f1eros de piso reservando tu turno en una pizarra especial.<\/p>\n<\/p>\r\n      <\/div>\r\n              <\/div>\r\n  <\/section>\r\n\n\n\n<p><\/p>\n","protected":false},"excerpt":{"rendered":"","protected":false},"author":1,"featured_media":1414,"parent":0,"menu_order":5,"comment_status":"closed","ping_status":"closed","template":"","meta":{"_acf_changed":false,"_monsterinsights_skip_tracking":false,"_monsterinsights_sitenote_active":false,"_monsterinsights_sitenote_note":"","_monsterinsights_sitenote_category":0,"footnotes":""},"class_list":["post-1572","page","type-page","status-publish","has-post-thumbnail","hentry"],"acf":[],"_links":{"self":[{"href":"https:\/\/sigisresidenceroma.it\/es\/wp-json\/wp\/v2\/pages\/1572","targetHints":{"allow":["GET"]}}],"collection":[{"href":"https:\/\/sigisresidenceroma.it\/es\/wp-json\/wp\/v2\/pages"}],"about":[{"href":"https:\/\/sigisresidenceroma.it\/es\/wp-json\/wp\/v2\/types\/page"}],"author":[{"embeddable":true,"href":"https:\/\/sigisresidenceroma.it\/es\/wp-json\/wp\/v2\/users\/1"}],"replies":[{"embeddable":true,"href":"https:\/\/sigisresidenceroma.it\/es\/wp-json\/wp\/v2\/comments?post=1572"}],"version-history":[{"count":8,"href":"https:\/\/sigisresidenceroma.it\/es\/wp-json\/wp\/v2\/pages\/1572\/revisions"}],"predecessor-version":[{"id":1682,"href":"https:\/\/sigisresidenceroma.it\/es\/wp-json\/wp\/v2\/pages\/1572\/revisions\/1682"}],"wp:featuredmedia":[{"embeddable":true,"href":"https:\/\/sigisresidenceroma.it\/es\/wp-json\/wp\/v2\/media\/1414"}],"wp:attachment":[{"href":"https:\/\/sigisresidenceroma.it\/es\/wp-json\/wp\/v2\/media?parent=1572"}],"curies":[{"name":"wp","href":"https:\/\/api.w.org\/{rel}","templated":true}]}}