{"id":1603,"date":"2021-05-02T14:35:09","date_gmt":"2021-05-02T12:35:09","guid":{"rendered":"https:\/\/sigisresidenceroma.it\/faq-preguntas-frecuentes\/"},"modified":"2022-05-04T08:57:01","modified_gmt":"2022-05-04T06:57:01","slug":"faq-preguntas-frecuentes","status":"publish","type":"page","link":"https:\/\/sigisresidenceroma.it\/es\/faq-preguntas-frecuentes\/","title":{"rendered":"FAQ &#8211; Preguntas frecuentes"},"content":{"rendered":"<section class=\"grid grid--fluid grid--background \"style=\"background-color: #9ED0C0\">\r\n\r\n    <div class=\"container_cta\">\r\n      <p style=\"text-align: center\">Esta p\u00e1gina contiene algunas de las preguntas m\u00e1s frecuentes que hemos intentado responder. Si no encuentra las respuestas que busca no dude en contactarnos<\/p>\n          <\/div>\r\n\r\n\r\n<\/section>\r\n\r\n\r\n\r\n<section class=\"grid grid--accordion\">\r\n  <div class=\"col-100 title--accordion--section\">\r\n     <img decoding=\"async\" src=\"https:\/\/sigisresidenceroma.it\/wp-content\/uploads\/2021\/06\/01_documenti.png\" alt=\"\" \/>\r\n    <h3 class=\"section-title\">RESERVAS\r\nDOCUMENTOS Y PAGOS<\/h3>\r\n  <\/div>\r\n  <div class=\"tabs\">\r\n  \r\n\r\n          <div class=\"tab\">\r\n            <a href=\"#\">\r\n                  <input type=\"radio\" id=\"rad10\" name=\"rd\">\r\n                  <label class=\"tab-label accordion__title \" for=\"rad10\">\u00bfQu\u00e9 requisitos se requieren para reservar una habitaci\u00f3n?<\/label>\r\n                  <div class=\"tab-content\">\r\n                    <p>Para poder alojarse en el establecimiento debe ser un estudiante o un trabajador<\/p>\n                  <\/div>\r\n              <\/a>\r\n            <\/div>\r\n\r\n\r\n\r\n      \r\n\r\n          <div class=\"tab\">\r\n            <a href=\"#\">\r\n                  <input type=\"radio\" id=\"rad11\" name=\"rd\">\r\n                  <label class=\"tab-label accordion__title \" for=\"rad11\">\u00bfQu\u00e9 documentos necesito para tomar posesi\u00f3n de la habitaci\u00f3n? <\/label>\r\n                  <div class=\"tab-content\">\r\n                    <p>Se necesita un documento de identidad v\u00e1lido (DNI o pasaporte)<\/p>\n                  <\/div>\r\n              <\/a>\r\n            <\/div>\r\n\r\n\r\n\r\n      \r\n\r\n          <div class=\"tab\">\r\n            <a href=\"#\">\r\n                  <input type=\"radio\" id=\"rad12\" name=\"rd\">\r\n                  <label class=\"tab-label accordion__title \" for=\"rad12\">\u00bfCu\u00e1l es el tipo de contrato?<\/label>\r\n                  <div class=\"tab-content\">\r\n                    <p>Tendr\u00e1 que firmar un contrato de alquiler de viviendas para uso transitorio que, por ley, dura de 1 a 18 meses<\/p>\n                  <\/div>\r\n              <\/a>\r\n            <\/div>\r\n\r\n\r\n\r\n      \r\n\r\n          <div class=\"tab\">\r\n            <a href=\"#\">\r\n                  <input type=\"radio\" id=\"rad13\" name=\"rd\">\r\n                  <label class=\"tab-label accordion__title \" for=\"rad13\">\u00bfTengo que dejar un dep\u00f3sito de seguridad?<\/label>\r\n                  <div class=\"tab-content\">\r\n                    <p>S\u00ed. En el momento de la reserva deber\u00e1 pagar un dep\u00f3sito adecuado a la duraci\u00f3n de su estancia.<\/p>\n                  <\/div>\r\n              <\/a>\r\n            <\/div>\r\n\r\n\r\n\r\n      \r\n\r\n          <div class=\"tab\">\r\n            <a href=\"#\">\r\n                  <input type=\"radio\" id=\"rad14\" name=\"rd\">\r\n                  <label class=\"tab-label accordion__title \" for=\"rad14\">\u00bfTengo que pagar el impuesto tur\u00edstico?<\/label>\r\n                  <div class=\"tab-content\">\r\n                    <p>No, el impuesto tur\u00edstico no se aplica a los contratos de alquiler de vivienda de uso transitorio<\/p>\n                  <\/div>\r\n              <\/a>\r\n            <\/div>\r\n\r\n\r\n\r\n      \r\n\r\n          <div class=\"tab\">\r\n            <a href=\"#\">\r\n                  <input type=\"radio\" id=\"rad15\" name=\"rd\">\r\n                  <label class=\"tab-label accordion__title \" for=\"rad15\">\u00bfC\u00f3mo hago los pagos?<\/label>\r\n                  <div class=\"tab-content\">\r\n                    <p>Los pagos son mensuales y se deben hacer por transferencia bancaria<\/p>\n                  <\/div>\r\n              <\/a>\r\n            <\/div>\r\n\r\n\r\n\r\n      \r\n\r\n          <div class=\"tab\">\r\n            <a href=\"#\">\r\n                  <input type=\"radio\" id=\"rad16\" name=\"rd\">\r\n                  <label class=\"tab-label accordion__title \" for=\"rad16\">\u00bfPuedo cancelar mi reserva? <\/label>\r\n                  <div class=\"tab-content\">\r\n                    <p>S\u00ed. La cancelaci\u00f3n es gratuita si se realiza con un aviso de 1\/3 del per\u00edodo de estancia. En todos los dem\u00e1s casos se retendr\u00e1 el dep\u00f3sito como reembolso<\/p>\n                  <\/div>\r\n              <\/a>\r\n            <\/div>\r\n\r\n\r\n\r\n      \r\n\r\n          <div class=\"tab\">\r\n            <a href=\"#\">\r\n                  <input type=\"radio\" id=\"rad17\" name=\"rd\">\r\n                  <label class=\"tab-label accordion__title \" for=\"rad17\">Si la estructura cierra por COVID, \u00bfqu\u00e9 pasa? <\/label>\r\n                  <div class=\"tab-content\">\r\n                    <p>En caso de cierre no se cobrar\u00e1n cargos<\/p>\n                  <\/div>\r\n              <\/a>\r\n            <\/div>\r\n\r\n\r\n\r\n      \r\n\r\n          <div class=\"tab\">\r\n            <a href=\"#\">\r\n                  <input type=\"radio\" id=\"rad18\" name=\"rd\">\r\n                  <label class=\"tab-label accordion__title \" for=\"rad18\">\u00bfTengo que poner los servicios a mi nombre? <\/label>\r\n                  <div class=\"tab-content\">\r\n                    <p>No. Los precios de las habitaciones incluyen luz, agua caliente sanitaria, aire acondicionado, tarifa de residuos, Wi-Fi. No se prev\u00e9n ajustes en el consumo<\/p>\n                  <\/div>\r\n              <\/a>\r\n            <\/div>\r\n\r\n\r\n\r\n      \r\n\r\n          <div class=\"tab\">\r\n            <a href=\"#\">\r\n                  <input type=\"radio\" id=\"rad19\" name=\"rd\">\r\n                  <label class=\"tab-label accordion__title \" for=\"rad19\">En caso de da\u00f1os muebles\/estructura \u00bfqu\u00e9 pasa?<\/label>\r\n                  <div class=\"tab-content\">\r\n                    <p>En caso de da\u00f1os a la estructura o al mobiliario, los gastos se cargar\u00e1n al responsable, si se detecta<\/p>\n                  <\/div>\r\n              <\/a>\r\n            <\/div>\r\n\r\n\r\n\r\n          <\/div>\r\n<\/section>\r\n\r\n\r\n\r\n<section class=\"grid grid--accordion\">\r\n  <div class=\"col-100 title--accordion--section\">\r\n     <img decoding=\"async\" src=\"https:\/\/sigisresidenceroma.it\/wp-content\/uploads\/2021\/06\/02-possesso_camere.png\" alt=\"\" \/>\r\n    <h3 class=\"section-title\">TOMA DE POSESI\u00d3N\r\nY DEVOLUCI\u00d3N DE LA HABITACI\u00d3N<\/h3>\r\n  <\/div>\r\n  <div class=\"tabs\">\r\n  \r\n\r\n          <div class=\"tab\">\r\n            <a href=\"#\">\r\n                  <input type=\"radio\" id=\"rad20\" name=\"rd\">\r\n                  <label class=\"tab-label accordion__title \" for=\"rad20\">\u00bfSe puede tomar posesi\u00f3n de la habitaci\u00f3n en cualquier horario? <\/label>\r\n                  <div class=\"tab-content\">\r\n                    <p>Puede tomar posesi\u00f3n de la habitaci\u00f3n de 8:00 a 18:00, a menos que se acuerde de manera diferente con el gerente del establecimiento<\/p>\n                  <\/div>\r\n              <\/a>\r\n            <\/div>\r\n\r\n\r\n\r\n      \r\n\r\n          <div class=\"tab\">\r\n            <a href=\"#\">\r\n                  <input type=\"radio\" id=\"rad21\" name=\"rd\">\r\n                  <label class=\"tab-label accordion__title \" for=\"rad21\">\u00bfPuedo delegar a alguien que recoja las llaves y tome posesi\u00f3n de la habitaci\u00f3n? <\/label>\r\n                  <div class=\"tab-content\">\r\n                    <p>No, eso no es posible. El contrato de alquiler es estrictamente personal y solo quien lo ha firmado puede recoger las llaves y tomar posesi\u00f3n de la habitaci\u00f3n<\/p>\n                  <\/div>\r\n              <\/a>\r\n            <\/div>\r\n\r\n\r\n\r\n      \r\n\r\n          <div class=\"tab\">\r\n            <a href=\"#\">\r\n                  <input type=\"radio\" id=\"rad22\" name=\"rd\">\r\n                  <label class=\"tab-label accordion__title \" for=\"rad22\">\u00bfPuedo ver la habitaci\u00f3n antes de reservar o firmar el contrato? <\/label>\r\n                  <div class=\"tab-content\">\r\n                    <p>S\u00ed, puede hablar con el gerente del establecimiento para organizar una visita<\/p>\n                  <\/div>\r\n              <\/a>\r\n            <\/div>\r\n\r\n\r\n\r\n      \r\n\r\n          <div class=\"tab\">\r\n            <a href=\"#\">\r\n                  <input type=\"radio\" id=\"rad23\" name=\"rd\">\r\n                  <label class=\"tab-label accordion__title \" for=\"rad23\">\u00bfQu\u00e9 llaves me ser\u00e1n entregadas? <\/label>\r\n                  <div class=\"tab-content\">\r\n                    <p>Cuando se toma posesi\u00f3n de la habitaci\u00f3n se entrega una llave electr\u00f3nica, es decir, una tarjeta que permite abrir la puerta de la habitaci\u00f3n, el aparador y la nevera personales, la puerta de entrada, la puerta exterios y las puertas de las terrazas. Las llaves de los equipos (contadores, correo, etc.) est\u00e1n en la casa, en copia \u00fanica, a disposici\u00f3n de todos los inquilinos.<\/p>\n                  <\/div>\r\n              <\/a>\r\n            <\/div>\r\n\r\n\r\n\r\n      \r\n\r\n          <div class=\"tab\">\r\n            <a href=\"#\">\r\n                  <input type=\"radio\" id=\"rad24\" name=\"rd\">\r\n                  <label class=\"tab-label accordion__title \" for=\"rad24\">Si pierdo o me roban la tarjeta, \u00bfqu\u00e9 pasa? <\/label>\r\n                  <div class=\"tab-content\">\r\n                    <p>En la estructura hay una copia de la tarjeta que se puede activar inmediatamente despu\u00e9s de desactivar el original perdido<\/p>\n                  <\/div>\r\n              <\/a>\r\n            <\/div>\r\n\r\n\r\n\r\n      \r\n\r\n          <div class=\"tab\">\r\n            <a href=\"#\">\r\n                  <input type=\"radio\" id=\"rad25\" name=\"rd\">\r\n                  <label class=\"tab-label accordion__title \" for=\"rad25\">Si la estructura cierra por COVID, \u00bfqu\u00e9 pasa? <\/label>\r\n                  <div class=\"tab-content\">\r\n                    <p>En caso de cierre no se cobrar\u00e1n cargos<\/p>\n                  <\/div>\r\n              <\/a>\r\n            <\/div>\r\n\r\n\r\n\r\n      \r\n\r\n          <div class=\"tab\">\r\n            <a href=\"#\">\r\n                  <input type=\"radio\" id=\"rad26\" name=\"rd\">\r\n                  <label class=\"tab-label accordion__title \" for=\"rad26\">\u00bfC\u00f3mo funciona la devoluci\u00f3n de la habitaci\u00f3n?<\/label>\r\n                  <div class=\"tab-content\">\r\n                    <p>Hay que hacer acuerdos con el gerente de la estructura, que deber\u00e1 verificar que la habitaci\u00f3n est\u00e9 en las mismas condiciones que la recepci\u00f3n<\/p>\n                  <\/div>\r\n              <\/a>\r\n            <\/div>\r\n\r\n\r\n\r\n      \r\n\r\n          <div class=\"tab\">\r\n            <a href=\"#\">\r\n                  <input type=\"radio\" id=\"rad27\" name=\"rd\">\r\n                  <label class=\"tab-label accordion__title \" for=\"rad27\">En caso de da\u00f1os muebles\/estructura \u00bfqu\u00e9 pasa?<\/label>\r\n                  <div class=\"tab-content\">\r\n                    <p>En caso de da\u00f1os a la estructura o al mobiliario, los gastos se cargar\u00e1n al responsable si se detecta<\/p>\n                  <\/div>\r\n              <\/a>\r\n            <\/div>\r\n\r\n\r\n\r\n          <\/div>\r\n<\/section>\r\n\n<p><a href=\"https:\/\/sigisresidenceroma.it\/wp-admin\/edit.php?post_type=page\"><\/a><\/p>\n\r\n\r\n\r\n<section class=\"grid grid--accordion\">\r\n  <div class=\"col-100 title--accordion--section\">\r\n     <img decoding=\"async\" src=\"https:\/\/sigisresidenceroma.it\/wp-content\/uploads\/2021\/06\/03_casa-Camere.png\" alt=\"\" \/>\r\n    <h3 class=\"section-title\">CASA Y HABITACIONES<\/h3>\r\n  <\/div>\r\n  <div class=\"tabs\">\r\n  \r\n\r\n          <div class=\"tab\">\r\n            <a href=\"#\">\r\n                  <input type=\"radio\" id=\"rad30\" name=\"rd\">\r\n                  <label class=\"tab-label accordion__title \" for=\"rad30\">\u00bfHay un horario de apertura\/cierre de la casa?  <\/label>\r\n                  <div class=\"tab-content\">\r\n                    <p>No, se puede salir y regresar en cualquier momento, evitando ruidos que puedan molestar a los compa\u00f1eros de piso en cualquier horario,<\/p>\n                  <\/div>\r\n              <\/a>\r\n            <\/div>\r\n\r\n\r\n\r\n      \r\n\r\n          <div class=\"tab\">\r\n            <a href=\"#\">\r\n                  <input type=\"radio\" id=\"rad31\" name=\"rd\">\r\n                  <label class=\"tab-label accordion__title \" for=\"rad31\">\u00bfHay alguna regla aqu\u00ed?<\/label>\r\n                  <div class=\"tab-content\">\r\n                    <p>S\u00ed, hay un reglamento que tendr\u00e1s que suscribir en el momento de la reserva y que te ser\u00e1 entregado en copia impresa junto con la tarjeta<\/p>\n                  <\/div>\r\n              <\/a>\r\n            <\/div>\r\n\r\n\r\n\r\n      \r\n\r\n          <div class=\"tab\">\r\n            <a href=\"#\">\r\n                  <input type=\"radio\" id=\"rad32\" name=\"rd\">\r\n                  <label class=\"tab-label accordion__title \" for=\"rad32\">\u00bfPuedo llevar a mi perro o a mi gato?<\/label>\r\n                  <div class=\"tab-content\">\r\n                    <p>No, no se permite ning\u00fan tipo de mascota, excepto perros gu\u00eda<\/p>\n                  <\/div>\r\n              <\/a>\r\n            <\/div>\r\n\r\n\r\n\r\n      \r\n\r\n          <div class=\"tab\">\r\n            <a href=\"#\">\r\n                  <input type=\"radio\" id=\"rad33\" name=\"rd\">\r\n                  <label class=\"tab-label accordion__title \" for=\"rad33\">\u00bfA qui\u00e9n puedo llamar en caso de necesidad?<\/label>\r\n                  <div class=\"tab-content\">\r\n                    <p>Puede llamar al n\u00famero gratuito 800689895, activo h24<\/p>\n                  <\/div>\r\n              <\/a>\r\n            <\/div>\r\n\r\n\r\n\r\n      \r\n\r\n          <div class=\"tab\">\r\n            <a href=\"#\">\r\n                  <input type=\"radio\" id=\"rad34\" name=\"rd\">\r\n                  <label class=\"tab-label accordion__title \" for=\"rad34\">\u00bfEl servicio de mantenimiento est\u00e1 incluido en el contrato o es de pago?<\/label>\r\n                  <div class=\"tab-content\">\r\n                    <p>El mantenimiento es a cargo de la estructura. Sin embargo, en el caso de que las fallas se deban a dolo o negligencia, el costo se cobrar\u00e1, a trav\u00e9s de una factura regular, al responsable directo.<\/p>\n                  <\/div>\r\n              <\/a>\r\n            <\/div>\r\n\r\n\r\n\r\n      \r\n\r\n          <div class=\"tab\">\r\n            <a href=\"#\">\r\n                  <input type=\"radio\" id=\"rad35\" name=\"rd\">\r\n                  <label class=\"tab-label accordion__title \" for=\"rad35\">\u00bfA qui\u00e9n debo llamar para realizar servicio de mantenimiento?<\/label>\r\n                  <div class=\"tab-content\">\r\n                    <p>En caso de que sea necesaria un servicio de mantenimiento, puede llamar al n\u00famero que encontrar\u00e1 en el reglamento que se le entrega al entrar en la habitaci\u00f3n<\/p>\n                  <\/div>\r\n              <\/a>\r\n            <\/div>\r\n\r\n\r\n\r\n      \r\n\r\n          <div class=\"tab\">\r\n            <a href=\"#\">\r\n                  <input type=\"radio\" id=\"rad36\" name=\"rd\">\r\n                  <label class=\"tab-label accordion__title \" for=\"rad36\">\u00bfHay alg\u00fan lugar donde pueda dejar mi bicicleta? <\/label>\r\n                  <div class=\"tab-content\">\r\n                    <p>S\u00ed, se puede dejar la bicicleta en el patio<\/p>\n                  <\/div>\r\n              <\/a>\r\n            <\/div>\r\n\r\n\r\n\r\n      \r\n\r\n          <div class=\"tab\">\r\n            <a href=\"#\">\r\n                  <input type=\"radio\" id=\"rad37\" name=\"rd\">\r\n                  <label class=\"tab-label accordion__title \" for=\"rad37\">\u00bfLa casa tiene un aparcamiento cubierto o plazas de aparcamiento y motocicletas?<\/label>\r\n                  <div class=\"tab-content\">\r\n                    <p>No. Frente a la entrada de la propiedad hay un espacio de carga\/descarga para los inquilinos. A 450 metros, en la calle Giuseppe Sisco 10, se encuentra el garaje Falasca asociado con la casa<\/p>\n                  <\/div>\r\n              <\/a>\r\n            <\/div>\r\n\r\n\r\n\r\n      \r\n\r\n          <div class=\"tab\">\r\n            <a href=\"#\">\r\n                  <input type=\"radio\" id=\"rad38\" name=\"rd\">\r\n                  <label class=\"tab-label accordion__title \" for=\"rad38\">\u00bfHay un ba\u00f1o para discapacitados?<\/label>\r\n                  <div class=\"tab-content\">\r\n                    <p>S\u00ed, en la planta baja<\/p>\n                  <\/div>\r\n              <\/a>\r\n            <\/div>\r\n\r\n\r\n\r\n      \r\n\r\n          <div class=\"tab\">\r\n            <a href=\"#\">\r\n                  <input type=\"radio\" id=\"rad39\" name=\"rd\">\r\n                  <label class=\"tab-label accordion__title \" for=\"rad39\">\u00bfLa cocina es compartida?<\/label>\r\n                  <div class=\"tab-content\">\r\n                    <p>S\u00ed, la cocina se comparte con todos los inquilinos. Tiene un espacio reservado en el aparador y una nevera con congelador para usted solo. Puede acceder a ambos con su tarjeta<\/p>\n                  <\/div>\r\n              <\/a>\r\n            <\/div>\r\n\r\n\r\n\r\n      \r\n\r\n          <div class=\"tab\">\r\n            <a href=\"#\">\r\n                  <input type=\"radio\" id=\"rad310\" name=\"rd\">\r\n                  <label class=\"tab-label accordion__title \" for=\"rad310\">\u00bfQu\u00e9 equipamiento tiene la cocina?<\/label>\r\n                  <div class=\"tab-content\">\r\n                    <p>Adem\u00e1s de su refrigerador-congelador personal y el espacio reservado en el aparador, en la cocina encontrar\u00e1 una cocina de inducci\u00f3n, horno tradicional y microondas, cafetera, platos, vasos, ollas y manteles.<\/p>\n                  <\/div>\r\n              <\/a>\r\n            <\/div>\r\n\r\n\r\n\r\n      \r\n\r\n          <div class=\"tab\">\r\n            <a href=\"#\">\r\n                  <input type=\"radio\" id=\"rad311\" name=\"rd\">\r\n                  <label class=\"tab-label accordion__title \" for=\"rad311\">\u00bfHay normas para el uso de la cocina?<\/label>\r\n                  <div class=\"tab-content\">\r\n                    <p>S\u00ed. Son las normas de la buena convivencia. Por lo tanto, la cocina siempre debe mantenerse limpia y ordenada despu\u00e9s de cada uso.<br \/>\nLos turnos y horarios se establecer\u00e1n de com\u00fan acuerdo entre los inquilinos<\/p>\n                  <\/div>\r\n              <\/a>\r\n            <\/div>\r\n\r\n\r\n\r\n          <\/div>\r\n<\/section>\r\n\r\n\r\n\r\n<section class=\"grid grid--accordion\">\r\n  <div class=\"col-100 title--accordion--section\">\r\n     <img decoding=\"async\" src=\"https:\/\/sigisresidenceroma.it\/wp-content\/uploads\/2021\/06\/04_PULIZIA.png\" alt=\"\" \/>\r\n    <h3 class=\"section-title\">LIMPIEZA<\/h3>\r\n  <\/div>\r\n  <div class=\"tabs\">\r\n  \r\n\r\n          <div class=\"tab\">\r\n            <a href=\"#\">\r\n                  <input type=\"radio\" id=\"rad50\" name=\"rd\">\r\n                  <label class=\"tab-label accordion__title \" for=\"rad50\">\u00bfHay servicio de limpieza?<\/label>\r\n                  <div class=\"tab-content\">\r\n                    <p>S\u00ed, las zonas comunes se limpiar\u00e1n dos veces por semana y se desinfectar\u00e1n peri\u00f3dicamente. Su habitaci\u00f3n se limpiar\u00e1 una vez a la semana, con el cambio contextual de ropa de cama y toallas<\/p>\n                  <\/div>\r\n              <\/a>\r\n            <\/div>\r\n\r\n\r\n\r\n      \r\n\r\n          <div class=\"tab\">\r\n            <a href=\"#\">\r\n                  <input type=\"radio\" id=\"rad51\" name=\"rd\">\r\n                  <label class=\"tab-label accordion__title \" for=\"rad51\">\u00bfPuedo solicitar un servicio de limpieza de pago? <\/label>\r\n                  <div class=\"tab-content\">\r\n                    <p>No, el servicio de limpieza est\u00e1 incluido en el precio<\/p>\n                  <\/div>\r\n              <\/a>\r\n            <\/div>\r\n\r\n\r\n\r\n      \r\n\r\n          <div class=\"tab\">\r\n            <a href=\"#\">\r\n                  <input type=\"radio\" id=\"rad52\" name=\"rd\">\r\n                  <label class=\"tab-label accordion__title \" for=\"rad52\">\u00bfHay que pagar por la lavadora\/secadora?<\/label>\r\n                  <div class=\"tab-content\">\r\n                    <p>No, es gratuita.<\/p>\n                  <\/div>\r\n              <\/a>\r\n            <\/div>\r\n\r\n\r\n\r\n      \r\n\r\n          <div class=\"tab\">\r\n            <a href=\"#\">\r\n                  <input type=\"radio\" id=\"rad53\" name=\"rd\">\r\n                  <label class=\"tab-label accordion__title \" for=\"rad53\">\u00bfC\u00f3mo funciona el uso de la lavadora\/secadora?<\/label>\r\n                  <div class=\"tab-content\">\r\n                    <p>La lavadora\/secadora es compartida entre todos los inquilinos, por lo tanto el uso se organiza seg\u00fan turnos diurnos espec\u00edficos mediante la planificaci\u00f3n y reserva de los inquilinos en una pizarra especial.<\/p>\n                  <\/div>\r\n              <\/a>\r\n            <\/div>\r\n\r\n\r\n\r\n      \r\n\r\n          <div class=\"tab\">\r\n            <a href=\"#\">\r\n                  <input type=\"radio\" id=\"rad54\" name=\"rd\">\r\n                  <label class=\"tab-label accordion__title \" for=\"rad54\">\u00bfLa zona de lavander\u00eda est\u00e1 equipada con tabla de planchar y plancha?<\/label>\r\n                  <div class=\"tab-content\">\r\n                    <p>No<\/p>\n                  <\/div>\r\n              <\/a>\r\n            <\/div>\r\n\r\n\r\n\r\n      \r\n\r\n          <div class=\"tab\">\r\n            <a href=\"#\">\r\n                  <input type=\"radio\" id=\"rad55\" name=\"rd\">\r\n                  <label class=\"tab-label accordion__title \" for=\"rad55\">\u00bfTengo que hacer la recogida selectiva?<\/label>\r\n                  <div class=\"tab-content\">\r\n                    <p>S\u00ed, es obligatorio hacer la recogida selectiva. Las normas sobre c\u00f3mo clasificar correctamente los residuos son las mismas que se hacen en tu casa<\/p>\n                  <\/div>\r\n              <\/a>\r\n            <\/div>\r\n\r\n\r\n\r\n          <\/div>\r\n<\/section>\r\n\r\n\r\n\r\n<section class=\"grid grid--accordion\">\r\n  <div class=\"col-100 title--accordion--section\">\r\n     <img decoding=\"async\" src=\"\" alt=\"\" \/>\r\n    <h3 class=\"section-title\"><\/h3>\r\n  <\/div>\r\n  <div class=\"tabs\">\r\n      <\/div>\r\n<\/section>\r\n","protected":false},"excerpt":{"rendered":"","protected":false},"author":1,"featured_media":1410,"parent":0,"menu_order":0,"comment_status":"closed","ping_status":"closed","template":"","meta":{"_acf_changed":false,"_monsterinsights_skip_tracking":false,"_monsterinsights_sitenote_active":false,"_monsterinsights_sitenote_note":"","_monsterinsights_sitenote_category":0,"footnotes":""},"class_list":["post-1603","page","type-page","status-publish","has-post-thumbnail","hentry"],"acf":[],"_links":{"self":[{"href":"https:\/\/sigisresidenceroma.it\/es\/wp-json\/wp\/v2\/pages\/1603","targetHints":{"allow":["GET"]}}],"collection":[{"href":"https:\/\/sigisresidenceroma.it\/es\/wp-json\/wp\/v2\/pages"}],"about":[{"href":"https:\/\/sigisresidenceroma.it\/es\/wp-json\/wp\/v2\/types\/page"}],"author":[{"embeddable":true,"href":"https:\/\/sigisresidenceroma.it\/es\/wp-json\/wp\/v2\/users\/1"}],"replies":[{"embeddable":true,"href":"https:\/\/sigisresidenceroma.it\/es\/wp-json\/wp\/v2\/comments?post=1603"}],"version-history":[{"count":1,"href":"https:\/\/sigisresidenceroma.it\/es\/wp-json\/wp\/v2\/pages\/1603\/revisions"}],"predecessor-version":[{"id":1604,"href":"https:\/\/sigisresidenceroma.it\/es\/wp-json\/wp\/v2\/pages\/1603\/revisions\/1604"}],"wp:featuredmedia":[{"embeddable":true,"href":"https:\/\/sigisresidenceroma.it\/es\/wp-json\/wp\/v2\/media\/1410"}],"wp:attachment":[{"href":"https:\/\/sigisresidenceroma.it\/es\/wp-json\/wp\/v2\/media?parent=1603"}],"curies":[{"name":"wp","href":"https:\/\/api.w.org\/{rel}","templated":true}]}}