{"id":1611,"date":"2021-04-27T07:25:08","date_gmt":"2021-04-27T05:25:08","guid":{"rendered":"https:\/\/sigisresidenceroma.it\/viacomo-18\/"},"modified":"2022-05-02T15:10:14","modified_gmt":"2022-05-02T13:10:14","slug":"viacomo-18","status":"publish","type":"page","link":"https:\/\/sigisresidenceroma.it\/es\/viacomo-18\/","title":{"rendered":"viaComo18"},"content":{"rendered":"<section class=\"grid grid--fluid grid--background \"style=\"background-color: #9ED0C0\">\r\n\r\n    <div class=\"container_cta\">\r\n      <p style=\"text-align: center\"><strong><em>\u00bfEres un estudiante o un trabajador externo y est\u00e1s buscando tu casa en Roma? viaComo18 es la soluci\u00f3n adecuada para ti, una elegante villa del siglo XX reci\u00e9n renovada, luminosa y confortable. Se encuentra en una zona c\u00e9ntrica, cerca de las universidades y del Policlinico Umberto I, incluso cerca de la Estaci\u00f3n Tiburtina, bien comunicada por transporte p\u00fablico. Un hogar perfecto para alojarse, estudiar y trabajar. Adem\u00e1s, todo est\u00e1 incluido.<\/em><\/strong><\/p>\n      \r\n        <a class=\"btn btn-big btn-grey-small\" href=\"https:\/\/sigisresidenceroma.it\/contatti\/\">Contacta con nosotros<\/a>\r\n\r\n          <\/div>\r\n\r\n\r\n<\/section>\r\n\n\n<section class=\"grid  mt-100\">\r\n\r\n  \r\n        <div class=\"col-40 panel__col_left\">\r\n          <h3 class=\"section-title\">LA VILLA &#8216;900<\/h3>\r\n\r\n          \r\n          \r\n\r\n\r\n          \r\n                    \r\n        <\/div>\r\n        <div class=\"col-60 panel__col_right\">\r\n\r\n                    \r\n            <div class=\"descrizione2 \">\r\n                                  <p>viaComo18 es una elegante villa a pocos pasos de Villa Torlonia. Se encuentra en la calle del mismo nombre, una de las calles del barrio Italia-Nomentano, creado a principios del siglo XX para la alta burgues\u00eda.<br \/>\nFue construido en 1913, de acuerdo con las directrices del Reglamento de Construcci\u00f3n &#8220;Nathan&#8221; de 1911: dos plantas, m\u00e1s all\u00e1 de la planta baja elevada, puerta de madera, ventanas altas, puerta de hierro que se abre al patio interior, terraza con barandilla de piedra y cubierta de hierro forjado.<\/p>\n                         <\/div>\r\n\r\n\r\n        <\/div>\r\n        <!-- fine col-60 -->\r\n\r\n    \r\n<\/section>\r\n\n\n<section class=\"grid  mt-100  grid--section\">\r\n\r\n  \r\n        <div class=\"col-60 panel__col_left\">\r\n\r\n                      <div class=\"videoplay videoplay__left\">\r\n              <a href=\"https:\/\/www.youtube.com\/watch?v=4fpqsmCfBvw\" class=\"video-item video-open mfp-iframe\" target=\"_blank\" rel=\"noopener\">\r\n                <img decoding=\"async\" src=\"https:\/\/sigisresidenceroma.it\/wp-content\/themes\/sigis\/img\/play.png\" alt=\"\">\r\n              <\/a>\r\n          <\/div>\r\n                              <div class=\" service__panel__col\">\r\n            <img decoding=\"async\" class=\"service__panel_img\" src=\"https:\/\/sigisresidenceroma.it\/wp-content\/uploads\/2022\/02\/Via-como-esterno_01.jpg\" alt=\"\">\r\n          <\/div>\r\n                      <div class=\"descrizione2 position_absolute\">\r\n                              <p>viaComo18 es: habitaciones privadas, cocina com\u00fan perfectamente equipada, comedor y sala de relajaci\u00f3n, patio interior, porche y terraza. Muebles minimalistas, TV de pantalla plana, conexi\u00f3n Wi-Fi de alta velocidad h24. Se garantiza aislamiento ac\u00fastico y t\u00e9rmico, gesti\u00f3n autom\u00e1tica y control remoto de calefacci\u00f3n y de aire acondicionado.<\/p>\n             \r\n          <\/div>\r\n\r\n\r\n        <\/div>\r\n        <!-- fine col-60 -->\r\n        <div class=\"col-40 panel__col_right\">\r\n            <h3 class=\"section-title\">TU CASA EN ROMA<\/h3>\r\n            <p>La villa, hoy en d\u00eda, es el resultado de una reestructuraci\u00f3n que ha equilibrado sus rasgos caracter\u00edsticos y su vocaci\u00f3n de vivienda para la alta burgues\u00eda con la evoluci\u00f3n en un espacio habitable adaptado a la vida contempor\u00e1nea de estudiantes y trabajadores: con espacios y servicios compartidos, perfectos para socializar, y amplias habitaciones privadas.<br \/>\nUn equilibrio perfecto entre pasado y contempor\u00e1neo.<\/p>\n            \r\n            \r\n                  <\/div>\r\n\r\n  \r\n<\/section>\r\n\n\n<section class=\"grid  mt-100\">\r\n\r\n  \r\n        <div class=\"col-40 panel__col_left\">\r\n          <h3 class=\"section-title\">LA POSICI\u00d3N ESTRAT\u00c9GICA<\/h3>\r\n\r\n          \r\n                        <div class=\"icon_list\">\r\n          \r\n\r\n\r\n          \r\n                    <div class=\"icon_list_item\">\r\n                    <img decoding=\"async\" class=\"\" src=\"https:\/\/sigisresidenceroma.it\/wp-content\/uploads\/2021\/04\/TRENO.png\" alt=\"\">\r\n\r\n                                        <h6>ESTACI\u00d3N TERMINI <\/h6>\r\n                    <p>2,2 Km<\/p>\r\n                                            <\/div>\r\n\r\n\r\n\r\n                  \r\n                    <div class=\"icon_list_item\">\r\n                    <img decoding=\"async\" class=\"\" src=\"https:\/\/sigisresidenceroma.it\/wp-content\/uploads\/2021\/04\/aereo.png\" alt=\"\">\r\n\r\n                                        <h6>AEROPUERTO<\/h6>\r\n                    <p>33 km<\/p>\r\n                                            <\/div>\r\n\r\n\r\n\r\n                  \r\n                    <div class=\"icon_list_item\">\r\n                    <img decoding=\"async\" class=\"\" src=\"https:\/\/sigisresidenceroma.it\/wp-content\/uploads\/2021\/04\/BUS.png\" alt=\"\">\r\n\r\n                                        <h6>PARADA DE AUTOB\u00daS<\/h6>\r\n                    <p>180 mt<\/p>\r\n                                            <\/div>\r\n\r\n\r\n\r\n                  \r\n                    <div class=\"icon_list_item\">\r\n                    <img decoding=\"async\" class=\"\" src=\"https:\/\/sigisresidenceroma.it\/wp-content\/uploads\/2021\/04\/TRAM.png\" alt=\"\">\r\n\r\n                                        <h6>PARADA DE TRANV\u00cdA <\/h6>\r\n                    <p>500 mt<\/p>\r\n                                            <\/div>\r\n\r\n\r\n\r\n                  \r\n                    <div class=\"icon_list_item\">\r\n                    <img decoding=\"async\" class=\"\" src=\"https:\/\/sigisresidenceroma.it\/wp-content\/uploads\/2021\/04\/metro.png\" alt=\"\">\r\n\r\n                                        <h6><em>PARADA DE METRO B<\/em><\/h6>\r\n                    <p>350 mt<\/p>\r\n                                            <\/div>\r\n\r\n\r\n\r\n                  \r\n                                          <\/div>\r\n                    \r\n        <\/div>\r\n        <div class=\"col-60 panel__col_right\">\r\n\r\n                    \r\n            <div class=\"descrizione2 \">\r\n                                  <p>viaComo18 se encuentra en una ubicaci\u00f3n ideal para moverse por la ciudad. A pocos minutos a pie hay paradas y terminales de autobuses, tranv\u00edas y metro. Desde aqu\u00ed es f\u00e1cil llegar tanto a las principales estaciones de tren de Roma Termini y Roma Tiburtina como a los aeropuertos de Fiumicino y Ciampino.<br \/>\nEst\u00e1 cerca de la Sapienza, Universidad de Roma, de la Luiss Guido Carli, del centro hospitalario universitario Policl\u00ednico Umberto I y de varias embajadas y estructuras ministeriales.<\/p>\n                         <\/div>\r\n\r\n\r\n        <\/div>\r\n        <!-- fine col-60 -->\r\n\r\n    \r\n<\/section>\r\n\n\n<section class=\"grid grid--fluid grid--background mt-50 tw\"style=\"background-color: #3B444D\">\r\n\r\n    <div class=\"container_cta\">\r\n      <p><em>Un barrio ecl\u00e9ctico, caracterizado por una mezcla de estilos que van desde el Liberty hasta el Art D\u00e9co. Elegante y tranquilo, lleno de tiendas, cafeter\u00edas, teatros, cines, restaurantes y zonas verdes como Villa Torlonia, un verdadero pulm\u00f3n &#8220;verde&#8221; donde relajarse y hacer deporte.<\/em><\/p>\n          <\/div>\r\n\r\n\r\n<\/section>\r\n\n\n<section class=\"grid grid--fluid grid--left  \">\r\n\r\n  <div class=\"col-30\">\r\n      <h3 class=\"section-title ml-5 mr-5 \">ELIGE TU HABITACI\u00d3N<\/h3>\r\n    <div class=\"gallery-text-content\">\r\n        <p>Cada habitaci\u00f3n est\u00e1 completamente amueblada.<br \/>\nDispone de ba\u00f1o privado con ducha y sanitarios suspendidos, calefacci\u00f3n y aire acondicionado aut\u00f3nomos, tv de pantalla plana, conexi\u00f3n wi-fi de alta velocidad, cambio de ropa de cama y limpieza semanal.<br \/>\nTodo incluido.<\/p>\n    <\/div>\r\n\r\n  <\/div>\r\n  <div class=\"col-70 gallery-right-mode\">\r\n    \r\n    <a href=\"https:\/\/sigisresidenceroma.it\/es\/habitaciones-individuales\/\">\r\n      <div class=\"slick-right\">\r\n        <img decoding=\"async\" class=\"d-none\" src=\"https:\/\/sigisresidenceroma.it\/wp-content\/uploads\/2022\/01\/SIgis-via-como-camera-singola-06-min-1024x576.webp\" alt=\"\" \/>\r\n      <\/div>\r\n    <\/a>\r\n      \r\n    <a href=\"https:\/\/sigisresidenceroma.it\/es\/habitaciones-dobles\/\">\r\n      <div class=\"slick-right\">\r\n        <img decoding=\"async\" class=\"d-none\" src=\"https:\/\/sigisresidenceroma.it\/wp-content\/uploads\/2022\/01\/sigis_via-como-camera-doppia-3-1024x576.webp\" alt=\"\" \/>\r\n      <\/div>\r\n    <\/a>\r\n      \r\n    <a href=\"https:\/\/sigisresidenceroma.it\/es\/habitaciones-dobles-con-camas-separadas\/\">\r\n      <div class=\"slick-right\">\r\n        <img decoding=\"async\" class=\"d-none\" src=\"https:\/\/sigisresidenceroma.it\/wp-content\/uploads\/2022\/01\/MATRIMONIALI_P3_03-D2_copia-1024x576.webp\" alt=\"\" \/>\r\n      <\/div>\r\n    <\/a>\r\n      \r\n    <a href=\"https:\/\/sigisresidenceroma.it\/es\/habitaciones-individuales\/\">\r\n      <div class=\"slick-right\">\r\n        <img decoding=\"async\" class=\"d-none\" src=\"https:\/\/sigisresidenceroma.it\/wp-content\/uploads\/2022\/01\/SIgis-via-como-camera-singola-04-min-1024x576.webp\" alt=\"\" \/>\r\n      <\/div>\r\n    <\/a>\r\n      \r\n    <a href=\"https:\/\/sigisresidenceroma.it\/es\/habitaciones-dobles\/\">\r\n      <div class=\"slick-right\">\r\n        <img decoding=\"async\" class=\"d-none\" src=\"https:\/\/sigisresidenceroma.it\/wp-content\/uploads\/2022\/01\/sigis_via-como-camera-doppia-1--1024x576.webp\" alt=\"\" \/>\r\n      <\/div>\r\n    <\/a>\r\n      \r\n    <a href=\"https:\/\/sigisresidenceroma.it\/es\/habitaciones-dobles-con-camas-separadas\/\">\r\n      <div class=\"slick-right\">\r\n        <img decoding=\"async\" class=\"d-none\" src=\"https:\/\/sigisresidenceroma.it\/wp-content\/uploads\/2022\/01\/MATRIMONIALI_P3_03-D3_copia-1024x576.webp\" alt=\"\" \/>\r\n      <\/div>\r\n    <\/a>\r\n      \r\n    <a href=\"https:\/\/sigisresidenceroma.it\/es\/habitaciones-individuales\/\">\r\n      <div class=\"slick-right\">\r\n        <img decoding=\"async\" class=\"d-none\" src=\"https:\/\/sigisresidenceroma.it\/wp-content\/uploads\/2022\/01\/SIgis-via-como-camera-singola-07-min-1024x576.webp\" alt=\"\" \/>\r\n      <\/div>\r\n    <\/a>\r\n      \r\n    <a href=\"https:\/\/sigisresidenceroma.it\/es\/habitaciones-dobles\/\">\r\n      <div class=\"slick-right\">\r\n        <img decoding=\"async\" class=\"d-none\" src=\"https:\/\/sigisresidenceroma.it\/wp-content\/uploads\/2022\/01\/sigis_via-como-camera-doppia-4-1024x576.jpg\" alt=\"\" \/>\r\n      <\/div>\r\n    <\/a>\r\n      \r\n    <a href=\"https:\/\/sigisresidenceroma.it\/es\/habitaciones-dobles-con-camas-separadas\/\">\r\n      <div class=\"slick-right\">\r\n        <img decoding=\"async\" class=\"d-none\" src=\"https:\/\/sigisresidenceroma.it\/wp-content\/uploads\/2021\/06\/VIACOMO18_MATRIMONIALI-05.webp\" alt=\"\" \/>\r\n      <\/div>\r\n    <\/a>\r\n        <\/div>\r\n  <div class=\"arrows-slick col-30\">\r\n      <div class=\"next\">\r\n      <i class=\"fas fa-angle-right\"><\/i>\r\n    <\/div>\r\n  <\/div>\r\n\r\n\r\n<\/section>\r\n","protected":false},"excerpt":{"rendered":"","protected":false},"author":1,"featured_media":1506,"parent":0,"menu_order":1,"comment_status":"closed","ping_status":"closed","template":"","meta":{"_acf_changed":false,"_monsterinsights_skip_tracking":false,"_monsterinsights_sitenote_active":false,"_monsterinsights_sitenote_note":"","_monsterinsights_sitenote_category":0,"footnotes":""},"class_list":["post-1611","page","type-page","status-publish","has-post-thumbnail","hentry"],"acf":[],"_links":{"self":[{"href":"https:\/\/sigisresidenceroma.it\/es\/wp-json\/wp\/v2\/pages\/1611","targetHints":{"allow":["GET"]}}],"collection":[{"href":"https:\/\/sigisresidenceroma.it\/es\/wp-json\/wp\/v2\/pages"}],"about":[{"href":"https:\/\/sigisresidenceroma.it\/es\/wp-json\/wp\/v2\/types\/page"}],"author":[{"embeddable":true,"href":"https:\/\/sigisresidenceroma.it\/es\/wp-json\/wp\/v2\/users\/1"}],"replies":[{"embeddable":true,"href":"https:\/\/sigisresidenceroma.it\/es\/wp-json\/wp\/v2\/comments?post=1611"}],"version-history":[{"count":15,"href":"https:\/\/sigisresidenceroma.it\/es\/wp-json\/wp\/v2\/pages\/1611\/revisions"}],"predecessor-version":[{"id":1665,"href":"https:\/\/sigisresidenceroma.it\/es\/wp-json\/wp\/v2\/pages\/1611\/revisions\/1665"}],"wp:featuredmedia":[{"embeddable":true,"href":"https:\/\/sigisresidenceroma.it\/es\/wp-json\/wp\/v2\/media\/1506"}],"wp:attachment":[{"href":"https:\/\/sigisresidenceroma.it\/es\/wp-json\/wp\/v2\/media?parent=1611"}],"curies":[{"name":"wp","href":"https:\/\/api.w.org\/{rel}","templated":true}]}}