{"id":1736,"date":"2021-06-21T13:38:35","date_gmt":"2021-06-21T11:38:35","guid":{"rendered":"https:\/\/sigisresidenceroma.it\/politica-de-cookies\/"},"modified":"2022-05-03T16:48:58","modified_gmt":"2022-05-03T14:48:58","slug":"politica-de-cookies","status":"publish","type":"page","link":"https:\/\/sigisresidenceroma.it\/es\/politica-de-cookies\/","title":{"rendered":"Pol\u00edtica de Cookies"},"content":{"rendered":"\n<h1 class=\"wp-block-heading\">Introducci\u00f3n<\/h1>\n\n<p>Esta Pol\u00edtica de <em>Cookies<\/em> se realiza para los &#8220;Sitios Web&#8221; de Sigismondi Immobiliare S.r.l., en la persona del representante legal pro tempore, con sede en Via Poppea Sabina 17, 00131, Roma (RM). Inscrita en la C\u00e1mara de Comercio de Roma en el n. 08916431003, con P. IVA n.\u00ba 08916431003, en calidad de Titular del Tratamiento, tiene la finalidad de ilustrar las tipolog\u00edas y las finalidades de las <em>cookies<\/em> utilizadas y de permitir manifestar sus preferencias con respecto al uso de las <em>cookies<\/em>. El uso de cookies es necesario para que los servicios sean sencillos y eficientes para el usuario que visita las p\u00e1ginas de navegaci\u00f3n.<\/p>\n\n<h1 class=\"wp-block-heading\">Qu\u00e9 son las <em>cookies<\/em> y para qu\u00e9 sirven<\/h1>\n\n<p>Una <em>cookie<\/em> consiste en un peque\u00f1o conjunto de datos enviados por un servidor web (por ejemplo, el sitio web) al navegador de Internet del usuario y solo puede ser le\u00eddo por el servidor que realiza la transferencia. No es c\u00f3digo ejecutable y no transmite virus.<\/p>\n\n<p>Todos los sitios web utilizan <em>cookies<\/em> para hacer la experiencia de navegaci\u00f3n del usuario m\u00e1s f\u00e1cil e intuitiva: las cookies son peque\u00f1as cadenas de texto que se utilizan para almacenar cierta informaci\u00f3n sobre el usuario, sus preferencias o el dispositivo de acceso a Internet (ordenador, tableta o m\u00f3vil) y se utilizan principalmente para adaptar el funcionamiento del sitio web a las expectativas del usuario, ofreciendo una experiencia de navegaci\u00f3n m\u00e1s personalizada y memorizando las elecciones anteriores.<\/p>\n\n<p>Las <em>cookies<\/em> no registran ninguna informaci\u00f3n personal y no se almacenar\u00e1n los datos identificables. Si se desea, se puede evitar que se guarden algunas o todas las <em>cookies<\/em>. Sin embargo, en este caso, el uso del Sitio web y de los servicios ofrecidos podr\u00eda verse comprometido. Para continuar sin cambiar las opciones relacionadas con las <em>cookies<\/em>, simplemente hay que continuar con la navegaci\u00f3n.<\/p>\n\n<p>Los usuarios que visiten nuestros Sitios Web ver\u00e1n que se introduce una cantidad m\u00ednima de informaci\u00f3n en sus dispositivos, ya sean ordenadores o dispositivos m\u00f3viles, en peque\u00f1os archivos de texto denominados &#8220;<em>cookies<\/em>&#8221; almacenados en los directorios utilizados por su navegador web.<\/p>\n\n<p>Existen varios tipos de cookies, algunas para hacer m\u00e1s eficaz el uso del Sitio web, otras para habilitar ciertas funciones.<\/p>\n\n<h1 class=\"wp-block-heading\">Tipos de <em>Cookies<\/em> usadas en los Sitios web<\/h1>\n\n<ul class=\"wp-block-list\"><li><em>Cookies<\/em> t\u00e9cnicas de navegaci\u00f3n: estos archivos son esenciales para el funcionamiento correcto y f\u00e1cil del sitio web y, por este motivo, la normativa promulgada por el Garante de Privacidad no requiere una autorizaci\u00f3n del usuario para permitir su uso. Hay dos categor\u00edas distintas para las <em>cookies<\/em> de navegaci\u00f3n: las de sesi\u00f3n que no contienen datos personales y duran solo la sesi\u00f3n en curso, es decir, hasta el cierre del navegador o hasta la prestaci\u00f3n del servicio y las persistentes que, una vez cerrado el navegador, no se destruyen, sino que permanecen hasta una fecha de caducidad preestablecida.<\/li><\/ul>\n<ul class=\"wp-block-list\"><li><em>Cookies<\/em> de funcionalidad: estrictamente necesarias para el uso del sitio web, en particular, vinculadas a una solicitud expresa de funcionalidad por parte del usuario (como el inicio de sesi\u00f3n) y no se requiere consentimiento;<\/li><li><em>Cookies<\/em> de tipo estad\u00edstico y anal\u00edtico: utilizadas para verificar el correcto funcionamiento del sitio web y el comportamiento de los usuarios con el \u00fanico fin de optimizar el sitio web.<\/li><\/ul>\n<p>\u2013 <em>Cookies<\/em> de an\u00e1lisis de servicios de terceros: estas <em>cookies<\/em> se utilizan para recopilar informaci\u00f3n sobre el uso del sitio por parte de los usuarios de forma an\u00f3nima, como: p\u00e1ginas visitadas, tiempo de permanencia, origen del tr\u00e1fico, origen geogr\u00e1fico, edad, sexo e intereses, todo para campa\u00f1as de marketing. Estas <em>cookies<\/em> son enviadas por dominios de terceros externos a nuestros sitios.<\/p>\n\n<p>De acuerdo con la legislaci\u00f3n vigente para estas categor\u00edas de <em>cookies<\/em> colocadas en los sitios no es obligatorio solicitar el consentimiento previo del usuario, ya que son necesarios para proporcionar los servicios solicitados. Solo las cookies de perfil requieren el consentimiento expreso del usuario para su uso.<\/p>\n\n<h1 class=\"wp-block-heading\">Sobre Google Analytics<\/h1>\n\n<p>El sitio web tambi\u00e9n puede incluir componentes transmitidos por Google Analytics, un servicio de an\u00e1lisis de tr\u00e1fico web proporcionado por Google, Inc. (&#8220;Google&#8221;). Estas <em>cookies<\/em> se utilizan con el \u00fanico prop\u00f3sito de monitorear y mejorar el rendimiento del sitio web. Para m\u00e1s informaci\u00f3n, consulte el siguiente enlace: https:\/\/www.google.it\/policies\/privacy\/partners\/.<\/p>\n\n<p>El usuario puede desactivar de forma selectiva la acci\u00f3n de Google Analytics instalando en su navegador el componente de exclusi\u00f3n voluntaria proporcionado por Google. Para desactivar la acci\u00f3n de Google Analytics, consulte el siguiente enlace: https:\/\/tools.google.com\/dlpage\/gaoptout.<\/p>\n\n<p>Para la desactivaci\u00f3n\/eliminaci\u00f3n\/gesti\u00f3n, consulte el siguiente p\u00e1rrafo &#8221; C\u00f3mo deshabilitar las cookies mediante la configuraci\u00f3n del navegador&#8221;.<\/p>\n\n<p><b><em>Cookies<\/em> de terceros<\/b><\/p>\n\n<p>Los Sitios web tambi\u00e9n act\u00faan como intermediarios para las <em>cookie<\/em>s de terceros (como los botones de redes sociales), que se utilizan para proporcionar servicios y funciones adicionales a los visitantes y para mejorar el uso del Sitio web. Esta Pol\u00edtica no se aplica a los servicios prestados por terceros y los Sitios web no tienen ning\u00fan control sobre sus <em>cookies<\/em>, gestionadas en su totalidad por terceros. El contrato de cesi\u00f3n de datos tiene lugar directamente entre el usuario\/visitante y los terceros pues, la adquisici\u00f3n del consentimiento para dichas <em>cookies<\/em> es responsabilidad de los terceros. La informaci\u00f3n sobre el uso de dichas <em>cookies<\/em> y sobre las finalidades de las mismas, as\u00ed como sobre las modalidades para la eventual desactivaci\u00f3n, son proporcionadas directamente por los terceros.<\/p>\n\n<p>A continuaci\u00f3n se muestra la lista de <em>cookies<\/em> de terceros para los Sitios web de esta Pol\u00edtica de Cookies: Nombre de la <em>cookie<\/em>: _ga tercera parte-cookie estad\u00edstica<\/p>\n\n<p>Nombre <em>cookie<\/em>: _gid tercera parte-cookie estad\u00edstica<\/p>\n\n<h1 class=\"wp-block-heading\">C\u00f3mo desactivar las cookies mediante la configuraci\u00f3n del navegador:<\/h1>\n\n<p>Las <em>cookies<\/em> est\u00e1n vinculadas al navegador utilizado y pueden ser desactivadas directamente por el navegador, rechazando\/revocando el consentimiento para el uso de <em>cookies<\/em>. La desactivaci\u00f3n de las <em>cookies<\/em> puede impedir el uso correcto de algunas funciones del sitio, en particular, no se mostrar\u00e1n los <em>plugins<\/em> sociales y los mapas de Google.<\/p>\n\n<p>Las instrucciones para la desactivaci\u00f3n de las cookies y para la posible eliminaci\u00f3n de las cookies ya presentes en el dispositivo del usuario se encuentran en las siguientes p\u00e1ginas web:<\/p>\n\n<p><strong>Google Chrome <\/strong><a href=\"https:\/\/support.google.com\/chrome\/answer\/95647?hl=it\" target=\"_blank\" rel=\"noopener\">https:\/\/support.google.com\/chrome\/answer\/95647?hl=it<\/a><\/p>\n\n<p><strong>Internet Explorer <\/strong><a href=\"http:\/\/windows.microsoft.com\/it-it\/windows-vista\/block-or-allow-cookies\" target=\"_blank\" rel=\"noopener\">http:\/\/windows.microsoft.com\/it-it\/windows-vista\/block-or-allow-cookies<\/a><\/p>\n\n<p><strong>Mozilla Firefox <\/strong><a href=\"https:\/\/support.mozilla.org\/it\/kb\/Gestione%20dei%20cookie\" target=\"_blank\" rel=\"noopener\">https:\/\/support.mozilla.org\/it\/kb\/Gestione%20dei%20cookie<\/a> <strong>Safari <\/strong><a href=\"https:\/\/support.apple.com\/kb\/PH17191?locale=it_IT&amp;viewlocale=it_IT\" target=\"_blank\" rel=\"noopener\">https:\/\/support.apple.com\/kb\/PH17191?locale=it_IT&amp;viewlocale=it_IT<\/a> <strong>Safari su iPhone, iPad, o iPod touch <\/strong><a href=\"https:\/\/support.apple.com\/it-it\/HT201265\" target=\"_blank\" rel=\"noopener\">https:\/\/support.apple.com\/it-it\/HT201265<\/a><\/p>\n\n<h1 class=\"wp-block-heading\">Sitios web de terceros<\/h1>\n\n<p>Los sitios web de terceros a los que puede acceder a trav\u00e9s de estos Sitios web no est\u00e1n sujetos a esta pol\u00edtica. El Titular del Tratamiento declina toda responsabilidad en relaci\u00f3n con los mismos. Las categor\u00edas de cookies utilizadas y el tipo de tratamiento de datos personales por parte de estas empresas se regulan de acuerdo con la informaci\u00f3n elaborada por esta empresa.<\/p>\n\n<h1 class=\"wp-block-heading\">Derechos del interesado<\/h1>\n\n<p>En todo momento podr\u00e1 ejercitar sus derechos frente al Titular del Tratamiento en virtud de los art\u00edculos 15 y 21 del RGPD, o bien podr\u00e1 obtener confirmaci\u00f3n de la existencia o no de datos personales que le conciernen y de conocer el contenido y el origen, verificar su exactitud o solicitar su integraci\u00f3n o actualizaci\u00f3n o su rectificaci\u00f3n. En virtud de los mismos art\u00edculos, tambi\u00e9n tiene derecho a solicitar la eliminaci\u00f3n, la transformaci\u00f3n en forma an\u00f3nima o el bloqueo de los datos tratados en violaci\u00f3n de la ley, incluso tiene derecho a oponerse por motivos leg\u00edtimos a su tratamiento y tambi\u00e9n a oponerse al tratamiento de los mismos para el env\u00edo de material publicitario o de venta directa o para la realizaci\u00f3n de estudios de mercado o de comunicaci\u00f3n comercial. Para el ejercicio de estos derechos, o para obtener cualquier otra informaci\u00f3n al respecto, las solicitudes deben dirigirse a los contactos del Titular del Tratamiento.<\/p>\n\n<h1 class=\"wp-block-heading\">El Titular del Tratamiento de los datos personales<\/h1>\n\n<p><strong>Sigismondi Immobiliare S.r.l. <\/strong>&#8211; Via Poppea Sabina, 17 &#8211; 00131 Roma (RM) Email: <a href=\"mailto:privacy@sarep.it\">privacy@sarep.it<\/a><\/p>\n\n<p>Para obtener m\u00e1s informaci\u00f3n sobre el procesamiento de datos personales recopilados en los Sitios web realizados por el Titular del Tratamiento, puede consultar la Pol\u00edtica de Privacidad y la Nota Informativa de Privacidad de acuerdo con los art. 13 y 14 del RGPD.<\/p>\n\n<p>Esta Pol\u00edtica est\u00e1 presente en los Sitios web a trav\u00e9s del enlace &#8220;Pol\u00edtica de cookies&#8221; del banner emergente<\/p>\n\n<p>o en la secci\u00f3n de contactos.<\/p>\n","protected":false},"excerpt":{"rendered":"<p>Introducci\u00f3n Esta Pol\u00edtica de Cookies se realiza para los &#8220;Sitios Web&#8221; de Sigismondi Immobiliare S.r.l., en la persona del representante legal pro tempore, con sede en Via Poppea Sabina 17, 00131, Roma (RM). Inscrita en la C\u00e1mara de Comercio de Roma en el n. 08916431003, con P. IVA n.\u00ba 08916431003, en calidad de Titular del [&hellip;]<\/p>\n","protected":false},"author":1,"featured_media":1412,"parent":0,"menu_order":0,"comment_status":"closed","ping_status":"closed","template":"","meta":{"_acf_changed":false,"_monsterinsights_skip_tracking":false,"_monsterinsights_sitenote_active":false,"_monsterinsights_sitenote_note":"","_monsterinsights_sitenote_category":0,"footnotes":""},"class_list":["post-1736","page","type-page","status-publish","has-post-thumbnail","hentry"],"acf":[],"_links":{"self":[{"href":"https:\/\/sigisresidenceroma.it\/es\/wp-json\/wp\/v2\/pages\/1736","targetHints":{"allow":["GET"]}}],"collection":[{"href":"https:\/\/sigisresidenceroma.it\/es\/wp-json\/wp\/v2\/pages"}],"about":[{"href":"https:\/\/sigisresidenceroma.it\/es\/wp-json\/wp\/v2\/types\/page"}],"author":[{"embeddable":true,"href":"https:\/\/sigisresidenceroma.it\/es\/wp-json\/wp\/v2\/users\/1"}],"replies":[{"embeddable":true,"href":"https:\/\/sigisresidenceroma.it\/es\/wp-json\/wp\/v2\/comments?post=1736"}],"version-history":[{"count":1,"href":"https:\/\/sigisresidenceroma.it\/es\/wp-json\/wp\/v2\/pages\/1736\/revisions"}],"predecessor-version":[{"id":1737,"href":"https:\/\/sigisresidenceroma.it\/es\/wp-json\/wp\/v2\/pages\/1736\/revisions\/1737"}],"wp:featuredmedia":[{"embeddable":true,"href":"https:\/\/sigisresidenceroma.it\/es\/wp-json\/wp\/v2\/media\/1412"}],"wp:attachment":[{"href":"https:\/\/sigisresidenceroma.it\/es\/wp-json\/wp\/v2\/media?parent=1736"}],"curies":[{"name":"wp","href":"https:\/\/api.w.org\/{rel}","templated":true}]}}