{"id":1739,"date":"2021-04-26T14:00:03","date_gmt":"2021-04-26T12:00:03","guid":{"rendered":"https:\/\/sigisresidenceroma.it\/politica-de-privacidad\/"},"modified":"2022-05-04T09:13:52","modified_gmt":"2022-05-04T07:13:52","slug":"politica-de-privacidad","status":"publish","type":"page","link":"https:\/\/sigisresidenceroma.it\/es\/politica-de-privacidad\/","title":{"rendered":"Pol\u00edtica de privacidad"},"content":{"rendered":"\n<p>Informaci\u00f3n sobre el tratamiento de datos personales en virtud de los art\u00edculos 13 y 14 del Reglamento (UE)<\/p>\n\n<p>n. 679 del Parlamento Europeo y del Consejo, de 27 de abril de 2016, sobre la protecci\u00f3n de las personas f\u00edsicas en relaci\u00f3n con el tratamiento de datos personales y la libre circulaci\u00f3n de dichos datos (Reglamento General de Protecci\u00f3n de Datos, en adelante tambi\u00e9n, &#8220;Reglamento&#8221; o &#8220;RGPD&#8221;) y por el que se deroga la Directiva 95\/46\/CE,<\/p>\n\n<p>Le informamos que los datos personales que Usted pone voluntariamente a disposici\u00f3n del Titular del Tratamiento ser\u00e1n tratados de conformidad con la legislaci\u00f3n vigente en materia de protecci\u00f3n de datos personales y, sin embargo,de los principios de confidencialidad en los que se basa la actividad de la empresa.<\/p>\n\n<h1 class=\"wp-block-heading\">Introducci\u00f3n<\/h1>\n\n<p>La presente Pol\u00edtica de Privacidad se hace para los Sitio web de Sigismondi Immobiliare S.r.l., en persona del representante legal pro tempore, con sede en Via Poppea Sabina 17, 00131, Roma (RM), inscrita en la C\u00e1mara de Comercio de Roma al n. 08916431003, con P. I. n. 08916431003.<\/p>\n\n<p><strong>Sigismondi Immobiliare S.r.l<\/strong>., en persona del representante legal pro tempore, en calidad de Titular del Tratamiento de Sus datos personales, en virtud y para los efectos de la normativa vigente en la actualidad, Reg.to UE 2016\/679 actualizado el 23 de mayo de 2018, en adelante por brevedad &#8220;GDPR&#8221;, con la presente Le informa que la citada normativa prev\u00e9 la protecci\u00f3n de los interesados con respecto al tratamiento de los datos personales y que dicho tratamiento se basa en los principios de correcci\u00f3n, licitud, transparencia y protecci\u00f3n de Su confidencialidad.<\/p>\n\n<p>Se especifica que los mecanismos de consentimiento ser\u00e1n evidentes, breves y f\u00e1cilmente comprensibles; si se modifican las condiciones originales para las que se solicit\u00f3 el consentimiento o si cambia el prop\u00f3sito del tratamiento de datos, se requerir\u00e1 un consentimiento adicional de conformidad con el Reglamento Europeo no 679\/2016<\/p>\n\n<p>Adem\u00e1s, se especifica que todos los consentimientos recogidos ser\u00e1n objeto de documentaci\u00f3n separada de cualquier otro documento de la empresa. Sus datos personales no ser\u00e1n objeto de divulgaci\u00f3n y se le reconocer\u00e1 el ejercicio de los derechos mencionados en los art\u00edculos 11-20 del Reglamento europeo<\/p>\n\n<p>n. 679\/2016 escribiendo a los contactos indicados por el Titular del Tratamiento.<\/p>\n\n<p>Sus datos personales ser\u00e1n tratados de conformidad con las disposiciones legales de la normativa vigente y con las obligaciones de confidencialidad previstas en la misma.<\/p>\n\n<h1 class=\"w-100 wp-block-heading\">Sitios web regulados por esta Pol\u00edtica de Privacidad<\/h1>\n\n<figure class=\"wp-block-table w-100\"><table><tbody><tr><td>SIGISMONDI IMMOBILIARE<\/td><td><a href=\"http:\/\/www.sigismondiimmobiliare.it\/\" target=\"_blank\" rel=\"noreferrer noopener\">http:\/\/www.sigismondiimmobiliare.it\/<\/a><\/td><\/tr><tr><td>SIGIS RESIDENCE ROMA<\/td><td><a href=\"https:\/\/sigisresidenceroma.it\/es\/\">https:\/\/sigisresidenceroma.it\/<\/a><\/td><\/tr><tr><td>SIGIS RESIDENCE FIUMICINO<\/td><td><a href=\"https:\/\/sigisresidencefiumicino.it\/\" target=\"_blank\" rel=\"noopener\">https:\/\/sigisresidencefiumi<\/a><a href=\"https:\/\/sigisresidencefiumicino.it\/\" target=\"_blank\" rel=\"noreferrer noopener\">cino.it\/<\/a><\/td><\/tr><\/tbody><\/table><\/figure>\n<p class=\"w-100\"><strong>Finalidad y base jur\u00eddica del tratamiento de los datos.<\/strong><\/p>\n\n<p>Sigismondi Immobiliare S.r.l. utilizar\u00e1 los datos recopilados para los siguientes fines:<\/p>\n\n<ul class=\"wp-block-list\"><li>acceso t\u00e9cnico y funcional a los Sitios web;<\/li><li>fines de navegaci\u00f3n avanzada y gesti\u00f3n personalizada de contenidos ;<\/li><li>fines estad\u00edsticos y de an\u00e1lisis de la navegaci\u00f3n y de los usuarios;<\/li><li>para contestar a Sus eventuales solicitudes hechas a la Empresa;<\/li><li>para obtener informaci\u00f3n estad\u00edstica sobre el funcionamiento de los Sitios web y mejorar los servicios ofrecidos;<\/li><li>prevenir y detectar cualquier uso indebido de los Sitios web o actividades fraudulentas llevadas a cabo a trav\u00e9s de los Sitios web;<\/li><li>para el ejercicio y la defensa de los derechos de la sociedad ante la Autoridad judicial.<\/li><\/ul>\n<h1 class=\"wp-block-heading\">Modalidades del tratamiento<\/h1>\n\n<p>Los tratamientos de los Sitios Web se llevan a cabo en la citada sede del Titular del Tratamiento y en la sede del proveedor de servicios de los Sitios web, a trav\u00e9s de herramientas inform\u00e1ticas, con el uso de sistemas de software gestionados directamente y por terceros con tratamiento temporal de forma an\u00f3nima.<\/p>\n\n<p>Cada tratamiento se realiza de acuerdo con los procedimientos establecidos en los art\u00edculos 6 y 32 del RGPD y mediante la adopci\u00f3n de las medidas de seguridad adecuadas.<\/p>\n\n<p>Sus datos ser\u00e1n tratados \u00fanicamente por personal expresamente autorizado por el Titular del Tratamiento y por eventuales encargados ocasionales para las operaciones de mantenimiento.<\/p>\n\n<p>Para m\u00e1s informaci\u00f3n, p\u00f3ngase en contacto con el Titular del Tratamiento.<\/p>\n\n<h1 class=\"wp-block-heading\">Periodo de conservaci\u00f3n de Datos personales<\/h1>\n\n<p>Le se\u00f1alamos que, respetando los principios de licitud, limitaci\u00f3n de las finalidades y minimizaci\u00f3n de los datos, de conformidad con el art. 5 del RGPD, el per\u00edodo de conservaci\u00f3n de sus datos personales se establece por un periodo de tiempo no superior a la consecuci\u00f3n de los fines para los que se recopilan y procesan y en el cumplimiento de los plazos obligatorios prescritos por la ley. Siempre puede solicitar la interrupci\u00f3n del tratamiento o la eliminaci\u00f3n de los datos poni\u00e9ndose en contacto con el Titular del Tratamiento.<\/p>\n\n<h1 class=\"wp-block-heading\">Derechos del interesado:<\/h1>\n\n<p>Usted tiene derecho a la cancelaci\u00f3n (derecho al olvido), limitaci\u00f3n, actualizaci\u00f3n, rectificaci\u00f3n, portabilidad, oposici\u00f3n al tratamiento de Sus datos personales, de conformidad con los art. 15, 16, 17, 18, 19, 20, 21, 22 del RGPD.<\/p>\n\n<p>El interesado tiene derecho a obtener la confirmaci\u00f3n de la existencia o no de datos personales que le conciernen, incluso si a\u00fan no est\u00e1n registrados, su comunicaci\u00f3n de forma inteligible y la posibilidad de presentar una reclamaci\u00f3n ante la Autoridad de control.<\/p>\n\n<p>El interesado tendr\u00e1 derecho a que se le indique:<\/p>\n\n<ul class=\"wp-block-list\"><li>del origen de los datos personales;<\/li><li>de las finalidades y modalidades del tratamiento;<\/li><\/ul>\n<ul class=\"wp-block-list\"><li>de la l\u00f3gica aplicada en caso de tratamiento con ayuda de instrumentos electr\u00f3nicos;<\/li><li>de los datos de identificaci\u00f3n del titular, de los responsables y del representante designado en virtud del art. 5, co. 2;<\/li><li>de las personas o categor\u00edas de personas a las que se puedan comunicar datos personales o que puedan tener conocimiento de ellos en calidad de representante designado en el territorio del Estado, de responsables o encargados.<\/li><\/ul>\n<p>Adem\u00e1s, el interesado tendr\u00e1 derecho a obtener:<\/p>\n\n<ul class=\"wp-block-list\"><li>la actualizaci\u00f3n, rectificaci\u00f3n o, cuando quiera, integraci\u00f3n de datos;<\/li><li>la supresi\u00f3n, la transformaci\u00f3n en an\u00f3nima o el bloqueo de los datos tratados en violaci\u00f3n de la ley, incluidos aquellos cuya conservaci\u00f3n no sea necesaria en relaci\u00f3n con los fines para los que se recogieron o trataron los datos;<\/li><li>la certificaci\u00f3n de que las operaciones mencionadas en las letras a) y b) se han puesto en conocimiento, incluso en lo que se refiere a su contenido, de las personas a las que se han comunicado o difundido los datos, salvo en los casos en que dicho cumplimiento resulte imposible o implique un empleo de medios manifiestamente desproporcionado con respecto al derecho protegido;<\/li><li>la portabilidad de los datos.<\/li><\/ul>\n<p>El interesado tendr\u00e1 derecho a oponerse, total o parcialmente:<\/p>\n\n<ul class=\"wp-block-list\"><li>por motivos leg\u00edtimos para el tratamiento de los datos personales que le conciernan, aunque sean pertinentes para la finalidad de la recogida;<\/li><li>al tratamiento de datos personales que le conciernan con fines de env\u00edo de material publicitario o de venta directa o para la realizaci\u00f3n de estudios de mercado o de comunicaci\u00f3n comercial.<\/li><\/ul>\n<h1 class=\"wp-block-heading\">Cambios<\/h1>\n\n<p>El Titular del Tratamiento se reserva el derecho de modificar, actualizar, agregar o eliminar partes de esta Pol\u00edtica de Privacidad a su discreci\u00f3n y en cualquier momento. Con el fin de facilitar dicha verificaci\u00f3n, la informaci\u00f3n contendr\u00e1 la fecha de actualizaci\u00f3n.<\/p>\n\n<h1 class=\"wp-block-heading\">El Titular de Tratamiento de datos personales<\/h1>\n\n<p><strong>Sigismondi Immobiliare S.r.l. <\/strong>&#8211; Via Poppea Sabina, 17 &#8211; 00131 Roma (RM) Email: <a href=\"mailto:privacy@sarep.it\">privacy@sarep.it<\/a><\/p>\n\n<h1 class=\"wp-block-heading\">Informaci\u00f3n no contenida en esta nota informativa<\/h1>\n\n<p>Se podr\u00e1 solicitar m\u00e1s informaci\u00f3n en relaci\u00f3n con el tratamiento de los Datos Personales en cualquier momento al Titular del Tratamiento utilizando la informaci\u00f3n de contacto.<\/p>\n\n<p><em>\u00daltima modificaci\u00f3n: 05 de abril de 2022<\/em><\/p>\n","protected":false},"excerpt":{"rendered":"<p>Informaci\u00f3n sobre el tratamiento de datos personales en virtud de los art\u00edculos 13 y 14 del Reglamento (UE) n. 679 del Parlamento Europeo y del Consejo, de 27 de abril de 2016, sobre la protecci\u00f3n de las personas f\u00edsicas en relaci\u00f3n con el tratamiento de datos personales y la libre circulaci\u00f3n de dichos datos (Reglamento [&hellip;]<\/p>\n","protected":false},"author":1,"featured_media":1412,"parent":0,"menu_order":0,"comment_status":"closed","ping_status":"closed","template":"","meta":{"_acf_changed":false,"_monsterinsights_skip_tracking":false,"_monsterinsights_sitenote_active":false,"_monsterinsights_sitenote_note":"","_monsterinsights_sitenote_category":0,"footnotes":""},"class_list":["post-1739","page","type-page","status-publish","has-post-thumbnail","hentry"],"acf":[],"_links":{"self":[{"href":"https:\/\/sigisresidenceroma.it\/es\/wp-json\/wp\/v2\/pages\/1739","targetHints":{"allow":["GET"]}}],"collection":[{"href":"https:\/\/sigisresidenceroma.it\/es\/wp-json\/wp\/v2\/pages"}],"about":[{"href":"https:\/\/sigisresidenceroma.it\/es\/wp-json\/wp\/v2\/types\/page"}],"author":[{"embeddable":true,"href":"https:\/\/sigisresidenceroma.it\/es\/wp-json\/wp\/v2\/users\/1"}],"replies":[{"embeddable":true,"href":"https:\/\/sigisresidenceroma.it\/es\/wp-json\/wp\/v2\/comments?post=1739"}],"version-history":[{"count":1,"href":"https:\/\/sigisresidenceroma.it\/es\/wp-json\/wp\/v2\/pages\/1739\/revisions"}],"predecessor-version":[{"id":1740,"href":"https:\/\/sigisresidenceroma.it\/es\/wp-json\/wp\/v2\/pages\/1739\/revisions\/1740"}],"wp:featuredmedia":[{"embeddable":true,"href":"https:\/\/sigisresidenceroma.it\/es\/wp-json\/wp\/v2\/media\/1412"}],"wp:attachment":[{"href":"https:\/\/sigisresidenceroma.it\/es\/wp-json\/wp\/v2\/media?parent=1739"}],"curies":[{"name":"wp","href":"https:\/\/api.w.org\/{rel}","templated":true}]}}